{"id":946,"date":"2019-10-16T16:30:02","date_gmt":"2019-10-16T14:30:02","guid":{"rendered":"https:\/\/demolition-perreault.fr\/?page_id=946"},"modified":"2019-12-13T14:32:22","modified_gmt":"2019-12-13T13:32:22","slug":"desamiantage","status":"publish","type":"page","link":"https:\/\/demolition-perreault.fr\/?page_id=946","title":{"rendered":"D\u00e9samiantage"},"content":{"rendered":"\t\t<div data-elementor-type=\"wp-page\" data-elementor-id=\"946\" class=\"elementor elementor-946\" data-elementor-post-type=\"page\">\n\t\t\t\t\t\t<section class=\"elementor-section elementor-top-section elementor-element elementor-element-583acfc8 elementor-section-boxed elementor-section-height-default elementor-section-height-default\" data-id=\"583acfc8\" data-element_type=\"section\" data-e-type=\"section\" data-settings=\"{&quot;background_background&quot;:&quot;classic&quot;}\">\n\t\t\t\t\t\t<div class=\"elementor-container elementor-column-gap-default\">\n\t\t\t\t\t<div class=\"elementor-column elementor-col-100 elementor-top-column elementor-element elementor-element-42abe41f\" data-id=\"42abe41f\" data-element_type=\"column\" data-e-type=\"column\" data-settings=\"{&quot;background_background&quot;:&quot;classic&quot;}\">\n\t\t\t<div class=\"elementor-widget-wrap elementor-element-populated\">\n\t\t\t\t\t\t<div class=\"elementor-element elementor-element-c81b312 elementor-widget elementor-widget-text-editor\" data-id=\"c81b312\" data-element_type=\"widget\" data-e-type=\"widget\" data-widget_type=\"text-editor.default\">\n\t\t\t\t<div class=\"elementor-widget-container\">\n\t\t\t\t\t\t\t\t\t<p><em><strong><span style=\"color: #ff0000;\">LE D\u00c9SAMIANTAGE<\/span><\/strong><\/em><\/p>\t\t\t\t\t\t\t\t<\/div>\n\t\t\t\t<\/div>\n\t\t\t\t<section class=\"elementor-section elementor-inner-section elementor-element elementor-element-26dc70e4 elementor-section-boxed elementor-section-height-default elementor-section-height-default\" data-id=\"26dc70e4\" data-element_type=\"section\" data-e-type=\"section\">\n\t\t\t\t\t\t<div class=\"elementor-container elementor-column-gap-default\">\n\t\t\t\t\t<div class=\"elementor-column elementor-col-50 elementor-inner-column elementor-element elementor-element-47b007ff\" data-id=\"47b007ff\" data-element_type=\"column\" data-e-type=\"column\" data-settings=\"{&quot;background_background&quot;:&quot;classic&quot;}\">\n\t\t\t<div class=\"elementor-widget-wrap elementor-element-populated\">\n\t\t\t\t\t\t<div class=\"elementor-element elementor-element-6bb63a17 elementor-widget elementor-widget-image\" data-id=\"6bb63a17\" data-element_type=\"widget\" data-e-type=\"widget\" data-widget_type=\"image.default\">\n\t\t\t\t<div class=\"elementor-widget-container\">\n\t\t\t\t\t\t\t\t\t\t\t\t\t\t\t\t<a href=\"https:\/\/demolition-perreault.fr\/wp-content\/uploads\/2019\/09\/desamiantage-ext-dwp.jpg\" data-elementor-open-lightbox=\"yes\" data-elementor-lightbox-title=\"desamiantage-ext-dwp\" data-e-action-hash=\"#elementor-action%3Aaction%3Dlightbox%26settings%3DeyJpZCI6ODEyLCJ1cmwiOiJodHRwczpcL1wvZGVtb2xpdGlvbi1wZXJyZWF1bHQuZnJcL3dwLWNvbnRlbnRcL3VwbG9hZHNcLzIwMTlcLzA5XC9kZXNhbWlhbnRhZ2UtZXh0LWR3cC5qcGcifQ%3D%3D\">\n\t\t\t\t\t\t\t<img decoding=\"async\" src=\"https:\/\/demolition-perreault.fr\/wp-content\/uploads\/elementor\/thumbs\/desamiantage-ext-dwp-rd6tut3fhfk97bh11mjjyof7z7g57u4gj8z7g97wpc.jpg\" title=\"desamiantage-ext-dwp\" alt=\"desamiantage-ext-dwp\" loading=\"lazy\" \/>\t\t\t\t\t\t\t\t<\/a>\n\t\t\t\t\t\t\t\t\t\t\t\t\t\t\t<\/div>\n\t\t\t\t<\/div>\n\t\t\t\t<div class=\"elementor-element elementor-element-347b39f elementor-widget elementor-widget-image\" data-id=\"347b39f\" data-element_type=\"widget\" data-e-type=\"widget\" data-widget_type=\"image.default\">\n\t\t\t\t<div class=\"elementor-widget-container\">\n\t\t\t\t\t\t\t\t\t\t\t\t\t\t\t\t<a href=\"https:\/\/demolition-perreault.fr\/wp-content\/uploads\/2019\/09\/308.jpg\" data-elementor-open-lightbox=\"yes\" data-elementor-lightbox-title=\"308\" data-e-action-hash=\"#elementor-action%3Aaction%3Dlightbox%26settings%3DeyJpZCI6ODA5LCJ1cmwiOiJodHRwczpcL1wvZGVtb2xpdGlvbi1wZXJyZWF1bHQuZnJcL3dwLWNvbnRlbnRcL3VwbG9hZHNcLzIwMTlcLzA5XC8zMDguanBnIn0%3D\">\n\t\t\t\t\t\t\t<img decoding=\"async\" src=\"https:\/\/demolition-perreault.fr\/wp-content\/uploads\/elementor\/thumbs\/308-rd6tut3evi6luwqg68sffqu1udsj5uhs6u6geii9qc.jpg\" title=\"308\" alt=\"308\" loading=\"lazy\" \/>\t\t\t\t\t\t\t\t<\/a>\n\t\t\t\t\t\t\t\t\t\t\t\t\t\t\t<\/div>\n\t\t\t\t<\/div>\n\t\t\t\t<div class=\"elementor-element elementor-element-2fb056e1 elementor-widget elementor-widget-image\" data-id=\"2fb056e1\" data-element_type=\"widget\" data-e-type=\"widget\" data-widget_type=\"image.default\">\n\t\t\t\t<div class=\"elementor-widget-container\">\n\t\t\t\t\t\t\t\t\t\t\t\t\t\t\t\t<a href=\"https:\/\/demolition-perreault.fr\/wp-content\/uploads\/2019\/09\/desamiantage-dwp.jpg\" data-elementor-open-lightbox=\"yes\" data-elementor-lightbox-title=\"desamiantage-dwp\" data-e-action-hash=\"#elementor-action%3Aaction%3Dlightbox%26settings%3DeyJpZCI6ODExLCJ1cmwiOiJodHRwczpcL1wvZGVtb2xpdGlvbi1wZXJyZWF1bHQuZnJcL3dwLWNvbnRlbnRcL3VwbG9hZHNcLzIwMTlcLzA5XC9kZXNhbWlhbnRhZ2UtZHdwLmpwZyJ9\">\n\t\t\t\t\t\t\t<img decoding=\"async\" src=\"https:\/\/demolition-perreault.fr\/wp-content\/uploads\/elementor\/thumbs\/desamiantage-dwp-rd6tut3fhfk97bh11mjjyof7z7g57u4gj8z7g97wpc.jpg\" title=\"desamiantage-dwp\" alt=\"desamiantage-dwp\" loading=\"lazy\" \/>\t\t\t\t\t\t\t\t<\/a>\n\t\t\t\t\t\t\t\t\t\t\t\t\t\t\t<\/div>\n\t\t\t\t<\/div>\n\t\t\t\t\t<\/div>\n\t\t<\/div>\n\t\t\t\t<div class=\"elementor-column elementor-col-50 elementor-inner-column elementor-element elementor-element-1599c277\" data-id=\"1599c277\" data-element_type=\"column\" data-e-type=\"column\">\n\t\t\t<div class=\"elementor-widget-wrap elementor-element-populated\">\n\t\t\t\t\t\t<div class=\"elementor-element elementor-element-5e56aed2 elementor-widget elementor-widget-text-editor\" data-id=\"5e56aed2\" data-element_type=\"widget\" data-e-type=\"widget\" data-widget_type=\"text-editor.default\">\n\t\t\t\t<div class=\"elementor-widget-container\">\n\t\t\t\t\t\t\t\t\t<h2>Le d\u00e9samiantage, indissociable de la d\u00e9molition.<\/h2><p align=\"justify\">\u00a0<\/p><p align=\"justify\">Le d\u00e9samiantage est d\u00e9sormais omnipr\u00e9sent dans le secteur de la d\u00e9molition, en raison d\u2019un nombre toujours plus important de chantiers sur lesquels le traitement de l&rsquo;amiante est devenu in\u00e9luctable.<\/p><p align=\"justify\">L&rsquo;amiante ayant \u00e9t\u00e9 \u00e9norm\u00e9ment utilis\u00e9 depuis le d\u00e9but du XXe si\u00e8cle, on le retrouve dans des \u00e9l\u00e9ments aussi vari\u00e9s que les t\u00f4les de toiture, les conduits de chemin\u00e9e, les panneaux de fa\u00e7ade, les dalles de sol, les colles, les enduits, etc\u2026<\/p><p align=\"justify\">Pour r\u00e9pondre globalement aux besoins de nos donneurs d\u2019ordre, il nous est apparu indispensable de faire le choix d&rsquo;une sp\u00e9cialisation dans le traitement des mat\u00e9riaux amiantif\u00e8res, ces derniers se retrouvant en effet dans la grande majorit\u00e9 de nos chantiers de d\u00e9molition.<\/p><p align=\"justify\">\u00a0<\/p><p align=\"justify\">\u00a0<\/p><p align=\"justify\">&gt;\u00a0<a href=\"https:\/\/demolition-perreault.fr\/#contact\">Pour tout projet de d\u00e9samiantage, n&rsquo;h\u00e9sitez pas \u00e0 nous contacter.<\/a><\/p>\t\t\t\t\t\t\t\t<\/div>\n\t\t\t\t<\/div>\n\t\t\t\t\t<\/div>\n\t\t<\/div>\n\t\t\t\t\t<\/div>\n\t\t<\/section>\n\t\t\t\t\t<\/div>\n\t\t<\/div>\n\t\t\t\t\t<\/div>\n\t\t<\/section>\n\t\t\t\t<\/div>\n\t\t","protected":false},"excerpt":{"rendered":"<p>LE D\u00c9SAMIANTAGE Le d\u00e9samiantage, indissociable de la d\u00e9molition. \u00a0 Le d\u00e9samiantage est d\u00e9sormais omnipr\u00e9sent dans le secteur de la d\u00e9molition, en raison d\u2019un nombre toujours plus important de chantiers sur lesquels le traitement de l&rsquo;amiante est devenu in\u00e9luctable. L&rsquo;amiante ayant \u00e9t\u00e9 \u00e9norm\u00e9ment utilis\u00e9 depuis le d\u00e9but du XXe si\u00e8cle, on le retrouve dans des \u00e9l\u00e9ments [&hellip;]<\/p>\n","protected":false},"author":2,"featured_media":0,"parent":0,"menu_order":0,"comment_status":"closed","ping_status":"closed","template":"","meta":{"footnotes":""},"class_list":["post-946","page","type-page","status-publish","hentry"],"yoast_head":"<!-- This site is optimized with the Yoast SEO plugin v27.5 - https:\/\/yoast.com\/product\/yoast-seo-wordpress\/ -->\n<title>D\u00e9samiantage - demolition-perreault.fr<\/title>\n<meta name=\"description\" content=\"D\u00e9molition\" \/>\n<meta name=\"robots\" content=\"index, follow, max-snippet:-1, max-image-preview:large, max-video-preview:-1\" \/>\n<link rel=\"canonical\" href=\"https:\/\/demolition-perreault.fr\/?page_id=946\" \/>\n<meta property=\"og:locale\" content=\"fr_FR\" \/>\n<meta property=\"og:type\" content=\"article\" \/>\n<meta property=\"og:title\" content=\"D\u00e9samiantage - demolition-perreault.fr\" \/>\n<meta property=\"og:description\" content=\"D\u00e9molition\" \/>\n<meta property=\"og:url\" content=\"https:\/\/demolition-perreault.fr\/?page_id=946\" \/>\n<meta property=\"og:site_name\" content=\"demolition-perreault.fr\" \/>\n<meta property=\"article:publisher\" content=\"https:\/\/www.facebook.com\/MatAnciensDWP\/\" \/>\n<meta property=\"article:modified_time\" content=\"2019-12-13T13:32:22+00:00\" \/>\n<meta property=\"og:image\" content=\"https:\/\/demolition-perreault.fr\/wp-content\/uploads\/elementor\/thumbs\/desamiantage-ext-dwp-ody7x5ioyz2r8404w7lqojaotp1pqat95pr72lmjps.jpg\" \/>\n<meta name=\"twitter:card\" content=\"summary_large_image\" \/>\n<meta name=\"twitter:label1\" content=\"Dur\u00e9e de lecture estim\u00e9e\" \/>\n\t<meta name=\"twitter:data1\" content=\"1 minute\" \/>\n<script type=\"application\/ld+json\" class=\"yoast-schema-graph\">{\"@context\":\"https:\\\/\\\/schema.org\",\"@graph\":[{\"@type\":\"WebPage\",\"@id\":\"https:\\\/\\\/demolition-perreault.fr\\\/?page_id=946\",\"url\":\"https:\\\/\\\/demolition-perreault.fr\\\/?page_id=946\",\"name\":\"D\u00e9samiantage - demolition-perreault.fr\",\"isPartOf\":{\"@id\":\"https:\\\/\\\/demolition-perreault.fr\\\/#website\"},\"primaryImageOfPage\":{\"@id\":\"https:\\\/\\\/demolition-perreault.fr\\\/?page_id=946#primaryimage\"},\"image\":{\"@id\":\"https:\\\/\\\/demolition-perreault.fr\\\/?page_id=946#primaryimage\"},\"thumbnailUrl\":\"https:\\\/\\\/demolition-perreault.fr\\\/wp-content\\\/uploads\\\/elementor\\\/thumbs\\\/desamiantage-ext-dwp-ody7x5ioyz2r8404w7lqojaotp1pqat95pr72lmjps.jpg\",\"datePublished\":\"2019-10-16T14:30:02+00:00\",\"dateModified\":\"2019-12-13T13:32:22+00:00\",\"description\":\"D\u00e9molition\",\"breadcrumb\":{\"@id\":\"https:\\\/\\\/demolition-perreault.fr\\\/?page_id=946#breadcrumb\"},\"inLanguage\":\"fr-FR\",\"potentialAction\":[{\"@type\":\"ReadAction\",\"target\":[\"https:\\\/\\\/demolition-perreault.fr\\\/?page_id=946\"]}]},{\"@type\":\"ImageObject\",\"inLanguage\":\"fr-FR\",\"@id\":\"https:\\\/\\\/demolition-perreault.fr\\\/?page_id=946#primaryimage\",\"url\":\"https:\\\/\\\/demolition-perreault.fr\\\/wp-content\\\/uploads\\\/elementor\\\/thumbs\\\/desamiantage-ext-dwp-ody7x5ioyz2r8404w7lqojaotp1pqat95pr72lmjps.jpg\",\"contentUrl\":\"https:\\\/\\\/demolition-perreault.fr\\\/wp-content\\\/uploads\\\/elementor\\\/thumbs\\\/desamiantage-ext-dwp-ody7x5ioyz2r8404w7lqojaotp1pqat95pr72lmjps.jpg\"},{\"@type\":\"BreadcrumbList\",\"@id\":\"https:\\\/\\\/demolition-perreault.fr\\\/?page_id=946#breadcrumb\",\"itemListElement\":[{\"@type\":\"ListItem\",\"position\":1,\"name\":\"Accueil\",\"item\":\"https:\\\/\\\/demolition-perreault.fr\\\/\"},{\"@type\":\"ListItem\",\"position\":2,\"name\":\"D\u00e9samiantage\"}]},{\"@type\":\"WebSite\",\"@id\":\"https:\\\/\\\/demolition-perreault.fr\\\/#website\",\"url\":\"https:\\\/\\\/demolition-perreault.fr\\\/\",\"name\":\"demolition-perreault.fr\",\"description\":\"La seconde vie des mat\u00e9riaux\",\"publisher\":{\"@id\":\"https:\\\/\\\/demolition-perreault.fr\\\/#organization\"},\"potentialAction\":[{\"@type\":\"SearchAction\",\"target\":{\"@type\":\"EntryPoint\",\"urlTemplate\":\"https:\\\/\\\/demolition-perreault.fr\\\/?s={search_term_string}\"},\"query-input\":{\"@type\":\"PropertyValueSpecification\",\"valueRequired\":true,\"valueName\":\"search_term_string\"}}],\"inLanguage\":\"fr-FR\"},{\"@type\":\"Organization\",\"@id\":\"https:\\\/\\\/demolition-perreault.fr\\\/#organization\",\"name\":\"D\u00c9MOLITION WILLIAM PERREAULT\",\"url\":\"https:\\\/\\\/demolition-perreault.fr\\\/\",\"logo\":{\"@type\":\"ImageObject\",\"inLanguage\":\"fr-FR\",\"@id\":\"https:\\\/\\\/demolition-perreault.fr\\\/#\\\/schema\\\/logo\\\/image\\\/\",\"url\":\"https:\\\/\\\/affectionate-banach.151-80-3-6.plesk.page\\\/wp-content\\\/uploads\\\/2019\\\/07\\\/logo.png\",\"contentUrl\":\"https:\\\/\\\/affectionate-banach.151-80-3-6.plesk.page\\\/wp-content\\\/uploads\\\/2019\\\/07\\\/logo.png\",\"width\":164,\"height\":53,\"caption\":\"D\u00c9MOLITION WILLIAM PERREAULT\"},\"image\":{\"@id\":\"https:\\\/\\\/demolition-perreault.fr\\\/#\\\/schema\\\/logo\\\/image\\\/\"},\"sameAs\":[\"https:\\\/\\\/www.facebook.com\\\/MatAnciensDWP\\\/\",\"https:\\\/\\\/www.instagram.com\\\/matanciensdwp\\\/\",\"https:\\\/\\\/www.youtube.com\\\/channel\\\/UCWjKWvI2ZySQB_lBvbX6dcA\"]}]}<\/script>\n<!-- \/ Yoast SEO plugin. -->","yoast_head_json":{"title":"D\u00e9samiantage - demolition-perreault.fr","description":"D\u00e9molition","robots":{"index":"index","follow":"follow","max-snippet":"max-snippet:-1","max-image-preview":"max-image-preview:large","max-video-preview":"max-video-preview:-1"},"canonical":"https:\/\/demolition-perreault.fr\/?page_id=946","og_locale":"fr_FR","og_type":"article","og_title":"D\u00e9samiantage - demolition-perreault.fr","og_description":"D\u00e9molition","og_url":"https:\/\/demolition-perreault.fr\/?page_id=946","og_site_name":"demolition-perreault.fr","article_publisher":"https:\/\/www.facebook.com\/MatAnciensDWP\/","article_modified_time":"2019-12-13T13:32:22+00:00","og_image":[{"url":"https:\/\/demolition-perreault.fr\/wp-content\/uploads\/elementor\/thumbs\/desamiantage-ext-dwp-ody7x5ioyz2r8404w7lqojaotp1pqat95pr72lmjps.jpg","type":"","width":"","height":""}],"twitter_card":"summary_large_image","twitter_misc":{"Dur\u00e9e de lecture estim\u00e9e":"1 minute"},"schema":{"@context":"https:\/\/schema.org","@graph":[{"@type":"WebPage","@id":"https:\/\/demolition-perreault.fr\/?page_id=946","url":"https:\/\/demolition-perreault.fr\/?page_id=946","name":"D\u00e9samiantage - demolition-perreault.fr","isPartOf":{"@id":"https:\/\/demolition-perreault.fr\/#website"},"primaryImageOfPage":{"@id":"https:\/\/demolition-perreault.fr\/?page_id=946#primaryimage"},"image":{"@id":"https:\/\/demolition-perreault.fr\/?page_id=946#primaryimage"},"thumbnailUrl":"https:\/\/demolition-perreault.fr\/wp-content\/uploads\/elementor\/thumbs\/desamiantage-ext-dwp-ody7x5ioyz2r8404w7lqojaotp1pqat95pr72lmjps.jpg","datePublished":"2019-10-16T14:30:02+00:00","dateModified":"2019-12-13T13:32:22+00:00","description":"D\u00e9molition","breadcrumb":{"@id":"https:\/\/demolition-perreault.fr\/?page_id=946#breadcrumb"},"inLanguage":"fr-FR","potentialAction":[{"@type":"ReadAction","target":["https:\/\/demolition-perreault.fr\/?page_id=946"]}]},{"@type":"ImageObject","inLanguage":"fr-FR","@id":"https:\/\/demolition-perreault.fr\/?page_id=946#primaryimage","url":"https:\/\/demolition-perreault.fr\/wp-content\/uploads\/elementor\/thumbs\/desamiantage-ext-dwp-ody7x5ioyz2r8404w7lqojaotp1pqat95pr72lmjps.jpg","contentUrl":"https:\/\/demolition-perreault.fr\/wp-content\/uploads\/elementor\/thumbs\/desamiantage-ext-dwp-ody7x5ioyz2r8404w7lqojaotp1pqat95pr72lmjps.jpg"},{"@type":"BreadcrumbList","@id":"https:\/\/demolition-perreault.fr\/?page_id=946#breadcrumb","itemListElement":[{"@type":"ListItem","position":1,"name":"Accueil","item":"https:\/\/demolition-perreault.fr\/"},{"@type":"ListItem","position":2,"name":"D\u00e9samiantage"}]},{"@type":"WebSite","@id":"https:\/\/demolition-perreault.fr\/#website","url":"https:\/\/demolition-perreault.fr\/","name":"demolition-perreault.fr","description":"La seconde vie des mat\u00e9riaux","publisher":{"@id":"https:\/\/demolition-perreault.fr\/#organization"},"potentialAction":[{"@type":"SearchAction","target":{"@type":"EntryPoint","urlTemplate":"https:\/\/demolition-perreault.fr\/?s={search_term_string}"},"query-input":{"@type":"PropertyValueSpecification","valueRequired":true,"valueName":"search_term_string"}}],"inLanguage":"fr-FR"},{"@type":"Organization","@id":"https:\/\/demolition-perreault.fr\/#organization","name":"D\u00c9MOLITION WILLIAM PERREAULT","url":"https:\/\/demolition-perreault.fr\/","logo":{"@type":"ImageObject","inLanguage":"fr-FR","@id":"https:\/\/demolition-perreault.fr\/#\/schema\/logo\/image\/","url":"https:\/\/affectionate-banach.151-80-3-6.plesk.page\/wp-content\/uploads\/2019\/07\/logo.png","contentUrl":"https:\/\/affectionate-banach.151-80-3-6.plesk.page\/wp-content\/uploads\/2019\/07\/logo.png","width":164,"height":53,"caption":"D\u00c9MOLITION WILLIAM PERREAULT"},"image":{"@id":"https:\/\/demolition-perreault.fr\/#\/schema\/logo\/image\/"},"sameAs":["https:\/\/www.facebook.com\/MatAnciensDWP\/","https:\/\/www.instagram.com\/matanciensdwp\/","https:\/\/www.youtube.com\/channel\/UCWjKWvI2ZySQB_lBvbX6dcA"]}]}},"_links":{"self":[{"href":"https:\/\/demolition-perreault.fr\/index.php?rest_route=\/wp\/v2\/pages\/946","targetHints":{"allow":["GET"]}}],"collection":[{"href":"https:\/\/demolition-perreault.fr\/index.php?rest_route=\/wp\/v2\/pages"}],"about":[{"href":"https:\/\/demolition-perreault.fr\/index.php?rest_route=\/wp\/v2\/types\/page"}],"author":[{"embeddable":true,"href":"https:\/\/demolition-perreault.fr\/index.php?rest_route=\/wp\/v2\/users\/2"}],"replies":[{"embeddable":true,"href":"https:\/\/demolition-perreault.fr\/index.php?rest_route=%2Fwp%2Fv2%2Fcomments&post=946"}],"version-history":[{"count":10,"href":"https:\/\/demolition-perreault.fr\/index.php?rest_route=\/wp\/v2\/pages\/946\/revisions"}],"predecessor-version":[{"id":1056,"href":"https:\/\/demolition-perreault.fr\/index.php?rest_route=\/wp\/v2\/pages\/946\/revisions\/1056"}],"wp:attachment":[{"href":"https:\/\/demolition-perreault.fr\/index.php?rest_route=%2Fwp%2Fv2%2Fmedia&parent=946"}],"curies":[{"name":"wp","href":"https:\/\/api.w.org\/{rel}","templated":true}]}}