{"id":944,"date":"2019-10-16T16:29:48","date_gmt":"2019-10-16T14:29:48","guid":{"rendered":"https:\/\/demolition-perreault.fr\/?page_id=944"},"modified":"2019-12-13T14:33:15","modified_gmt":"2019-12-13T13:33:15","slug":"recyclage-et-valorisation","status":"publish","type":"page","link":"https:\/\/demolition-perreault.fr\/?page_id=944","title":{"rendered":"Recyclage Et Valorisation"},"content":{"rendered":"\t\t<div data-elementor-type=\"wp-page\" data-elementor-id=\"944\" class=\"elementor elementor-944\" data-elementor-post-type=\"page\">\n\t\t\t\t\t\t<section class=\"elementor-section elementor-top-section elementor-element elementor-element-2b94093 elementor-section-boxed elementor-section-height-default elementor-section-height-default\" data-id=\"2b94093\" data-element_type=\"section\" data-e-type=\"section\" data-settings=\"{&quot;background_background&quot;:&quot;classic&quot;}\">\n\t\t\t\t\t\t<div class=\"elementor-container elementor-column-gap-default\">\n\t\t\t\t\t<div class=\"elementor-column elementor-col-100 elementor-top-column elementor-element elementor-element-1cc97d25\" data-id=\"1cc97d25\" data-element_type=\"column\" data-e-type=\"column\" data-settings=\"{&quot;background_background&quot;:&quot;classic&quot;}\">\n\t\t\t<div class=\"elementor-widget-wrap elementor-element-populated\">\n\t\t\t\t\t\t<div class=\"elementor-element elementor-element-1f18b7e4 elementor-widget elementor-widget-text-editor\" data-id=\"1f18b7e4\" data-element_type=\"widget\" data-e-type=\"widget\" data-widget_type=\"text-editor.default\">\n\t\t\t\t<div class=\"elementor-widget-container\">\n\t\t\t\t\t\t\t\t\t<p><em><strong><span style=\"color: #ff0000;\">RECYCLAGE ET VALORISATION DES D\u00c9CHETS<\/span><\/strong><\/em><\/p>\t\t\t\t\t\t\t\t<\/div>\n\t\t\t\t<\/div>\n\t\t\t\t<section class=\"elementor-section elementor-inner-section elementor-element elementor-element-1ed010b2 elementor-section-boxed elementor-section-height-default elementor-section-height-default\" data-id=\"1ed010b2\" data-element_type=\"section\" data-e-type=\"section\">\n\t\t\t\t\t\t<div class=\"elementor-container elementor-column-gap-default\">\n\t\t\t\t\t<div class=\"elementor-column elementor-col-50 elementor-inner-column elementor-element elementor-element-4cf16add\" data-id=\"4cf16add\" data-element_type=\"column\" data-e-type=\"column\" data-settings=\"{&quot;background_background&quot;:&quot;classic&quot;}\">\n\t\t\t<div class=\"elementor-widget-wrap elementor-element-populated\">\n\t\t\t\t\t\t<div class=\"elementor-element elementor-element-27a860b1 elementor-widget elementor-widget-image\" data-id=\"27a860b1\" data-element_type=\"widget\" data-e-type=\"widget\" data-widget_type=\"image.default\">\n\t\t\t\t<div class=\"elementor-widget-container\">\n\t\t\t\t\t\t\t\t\t\t\t\t\t\t\t\t<a href=\"https:\/\/demolition-perreault.fr\/wp-content\/uploads\/2019\/09\/accueil-2-dwp.jpg\" data-elementor-open-lightbox=\"yes\" data-elementor-lightbox-title=\"accueil 2 dwp\" data-e-action-hash=\"#elementor-action%3Aaction%3Dlightbox%26settings%3DeyJpZCI6NzY4LCJ1cmwiOiJodHRwczpcL1wvZGVtb2xpdGlvbi1wZXJyZWF1bHQuZnJcL3dwLWNvbnRlbnRcL3VwbG9hZHNcLzIwMTlcLzA5XC9hY2N1ZWlsLTItZHdwLmpwZyJ9\">\n\t\t\t\t\t\t\t<img decoding=\"async\" src=\"https:\/\/demolition-perreault.fr\/wp-content\/uploads\/elementor\/thumbs\/accueil-2-dwp-rd6tut3fhfk97bh11mjjyof7z7g57u4gj8z7g97wpc.jpg\" title=\"accueil 2 dwp\" alt=\"accueil 2 dwp\" loading=\"lazy\" \/>\t\t\t\t\t\t\t\t<\/a>\n\t\t\t\t\t\t\t\t\t\t\t\t\t\t\t<\/div>\n\t\t\t\t<\/div>\n\t\t\t\t\t<\/div>\n\t\t<\/div>\n\t\t\t\t<div class=\"elementor-column elementor-col-50 elementor-inner-column elementor-element elementor-element-5b56bc0a\" data-id=\"5b56bc0a\" data-element_type=\"column\" data-e-type=\"column\">\n\t\t\t<div class=\"elementor-widget-wrap elementor-element-populated\">\n\t\t\t\t\t\t<div class=\"elementor-element elementor-element-3016b10c elementor-widget elementor-widget-text-editor\" data-id=\"3016b10c\" data-element_type=\"widget\" data-e-type=\"widget\" data-widget_type=\"text-editor.default\">\n\t\t\t\t<div class=\"elementor-widget-container\">\n\t\t\t\t\t\t\t\t\t<h2>Recyclage et valorisation des d\u00e9chets : objectif 100%<\/h2><p align=\"justify\">\u00a0<\/p><p>L\u2019entreprise D\u00e9molition William Perreault propose un large \u00e9ventail de solutions dans le cadre d\u2019un chantier en\u00a0<strong>\u00c9co<\/strong>-d\u00e9molition. Les mat\u00e9riaux constituant le gros-\u0153uvre des b\u00e2timents d\u00e9molis sont aujourd\u2019hui recyclables \u00e0 100% gr\u00e2ce au concassage.<\/p><p><br \/>Pour cela, les ouvrages doivent d\u2019abord \u00eatre cur\u00e9s de l\u2019ensemble du second-\u0153uvre, \u00e0 savoir des \u00e9l\u00e9ments tels que :<\/p><ul><li>Faux-plafonds<\/li><li>Doublages<\/li><li>Rev\u00eatements de sol<\/li><li>Cloisons<\/li><li>Etc\u2026<\/li><\/ul><p>Une fois ces travaux pr\u00e9alables r\u00e9alis\u00e9s, nous proc\u00e9dons \u00e0 l\u2019abattage m\u00e9canique.<\/p><p>Les mat\u00e9riaux sont alors broy\u00e9s en des dimensions diverses, afin d\u2019\u00eatre r\u00e9utilis\u00e9s in situ et ex situ.<\/p>\t\t\t\t\t\t\t\t<\/div>\n\t\t\t\t<\/div>\n\t\t\t\t\t<\/div>\n\t\t<\/div>\n\t\t\t\t\t<\/div>\n\t\t<\/section>\n\t\t\t\t\t<\/div>\n\t\t<\/div>\n\t\t\t\t\t<\/div>\n\t\t<\/section>\n\t\t\t\t<\/div>\n\t\t","protected":false},"excerpt":{"rendered":"<p>RECYCLAGE ET VALORISATION DES D\u00c9CHETS Recyclage et valorisation des d\u00e9chets : objectif 100% \u00a0 L\u2019entreprise D\u00e9molition William Perreault propose un large \u00e9ventail de solutions dans le cadre d\u2019un chantier en\u00a0\u00c9co-d\u00e9molition. Les mat\u00e9riaux constituant le gros-\u0153uvre des b\u00e2timents d\u00e9molis sont aujourd\u2019hui recyclables \u00e0 100% gr\u00e2ce au concassage. Pour cela, les ouvrages doivent d\u2019abord \u00eatre cur\u00e9s de [&hellip;]<\/p>\n","protected":false},"author":2,"featured_media":0,"parent":0,"menu_order":0,"comment_status":"closed","ping_status":"closed","template":"","meta":{"footnotes":""},"class_list":["post-944","page","type-page","status-publish","hentry"],"yoast_head":"<!-- This site is optimized with the Yoast SEO plugin v27.5 - https:\/\/yoast.com\/product\/yoast-seo-wordpress\/ -->\n<title>Recyclage Et Valorisation - demolition-perreault.fr<\/title>\n<meta name=\"description\" content=\"D\u00e9molition\" \/>\n<meta name=\"robots\" content=\"index, follow, max-snippet:-1, max-image-preview:large, max-video-preview:-1\" \/>\n<link rel=\"canonical\" href=\"https:\/\/demolition-perreault.fr\/?page_id=944\" \/>\n<meta property=\"og:locale\" content=\"fr_FR\" \/>\n<meta property=\"og:type\" content=\"article\" \/>\n<meta property=\"og:title\" content=\"Recyclage Et Valorisation - demolition-perreault.fr\" \/>\n<meta property=\"og:description\" content=\"D\u00e9molition\" \/>\n<meta property=\"og:url\" content=\"https:\/\/demolition-perreault.fr\/?page_id=944\" \/>\n<meta property=\"og:site_name\" content=\"demolition-perreault.fr\" \/>\n<meta property=\"article:publisher\" content=\"https:\/\/www.facebook.com\/MatAnciensDWP\/\" \/>\n<meta property=\"article:modified_time\" content=\"2019-12-13T13:33:15+00:00\" \/>\n<meta property=\"og:image\" content=\"https:\/\/demolition-perreault.fr\/wp-content\/uploads\/elementor\/thumbs\/accueil-2-dwp-odwfpyyqox8qcn4hkoubd966hukiiakvqfci0qfsy8.jpg\" \/>\n<meta name=\"twitter:card\" content=\"summary_large_image\" \/>\n<meta name=\"twitter:label1\" content=\"Dur\u00e9e de lecture estim\u00e9e\" \/>\n\t<meta name=\"twitter:data1\" content=\"1 minute\" \/>\n<script type=\"application\/ld+json\" class=\"yoast-schema-graph\">{\"@context\":\"https:\\\/\\\/schema.org\",\"@graph\":[{\"@type\":\"WebPage\",\"@id\":\"https:\\\/\\\/demolition-perreault.fr\\\/?page_id=944\",\"url\":\"https:\\\/\\\/demolition-perreault.fr\\\/?page_id=944\",\"name\":\"Recyclage Et Valorisation - demolition-perreault.fr\",\"isPartOf\":{\"@id\":\"https:\\\/\\\/demolition-perreault.fr\\\/#website\"},\"primaryImageOfPage\":{\"@id\":\"https:\\\/\\\/demolition-perreault.fr\\\/?page_id=944#primaryimage\"},\"image\":{\"@id\":\"https:\\\/\\\/demolition-perreault.fr\\\/?page_id=944#primaryimage\"},\"thumbnailUrl\":\"https:\\\/\\\/demolition-perreault.fr\\\/wp-content\\\/uploads\\\/elementor\\\/thumbs\\\/accueil-2-dwp-odwfpyyqox8qcn4hkoubd966hukiiakvqfci0qfsy8.jpg\",\"datePublished\":\"2019-10-16T14:29:48+00:00\",\"dateModified\":\"2019-12-13T13:33:15+00:00\",\"description\":\"D\u00e9molition\",\"breadcrumb\":{\"@id\":\"https:\\\/\\\/demolition-perreault.fr\\\/?page_id=944#breadcrumb\"},\"inLanguage\":\"fr-FR\",\"potentialAction\":[{\"@type\":\"ReadAction\",\"target\":[\"https:\\\/\\\/demolition-perreault.fr\\\/?page_id=944\"]}]},{\"@type\":\"ImageObject\",\"inLanguage\":\"fr-FR\",\"@id\":\"https:\\\/\\\/demolition-perreault.fr\\\/?page_id=944#primaryimage\",\"url\":\"https:\\\/\\\/demolition-perreault.fr\\\/wp-content\\\/uploads\\\/elementor\\\/thumbs\\\/accueil-2-dwp-odwfpyyqox8qcn4hkoubd966hukiiakvqfci0qfsy8.jpg\",\"contentUrl\":\"https:\\\/\\\/demolition-perreault.fr\\\/wp-content\\\/uploads\\\/elementor\\\/thumbs\\\/accueil-2-dwp-odwfpyyqox8qcn4hkoubd966hukiiakvqfci0qfsy8.jpg\"},{\"@type\":\"BreadcrumbList\",\"@id\":\"https:\\\/\\\/demolition-perreault.fr\\\/?page_id=944#breadcrumb\",\"itemListElement\":[{\"@type\":\"ListItem\",\"position\":1,\"name\":\"Accueil\",\"item\":\"https:\\\/\\\/demolition-perreault.fr\\\/\"},{\"@type\":\"ListItem\",\"position\":2,\"name\":\"Recyclage Et Valorisation\"}]},{\"@type\":\"WebSite\",\"@id\":\"https:\\\/\\\/demolition-perreault.fr\\\/#website\",\"url\":\"https:\\\/\\\/demolition-perreault.fr\\\/\",\"name\":\"demolition-perreault.fr\",\"description\":\"La seconde vie des mat\u00e9riaux\",\"publisher\":{\"@id\":\"https:\\\/\\\/demolition-perreault.fr\\\/#organization\"},\"potentialAction\":[{\"@type\":\"SearchAction\",\"target\":{\"@type\":\"EntryPoint\",\"urlTemplate\":\"https:\\\/\\\/demolition-perreault.fr\\\/?s={search_term_string}\"},\"query-input\":{\"@type\":\"PropertyValueSpecification\",\"valueRequired\":true,\"valueName\":\"search_term_string\"}}],\"inLanguage\":\"fr-FR\"},{\"@type\":\"Organization\",\"@id\":\"https:\\\/\\\/demolition-perreault.fr\\\/#organization\",\"name\":\"D\u00c9MOLITION WILLIAM PERREAULT\",\"url\":\"https:\\\/\\\/demolition-perreault.fr\\\/\",\"logo\":{\"@type\":\"ImageObject\",\"inLanguage\":\"fr-FR\",\"@id\":\"https:\\\/\\\/demolition-perreault.fr\\\/#\\\/schema\\\/logo\\\/image\\\/\",\"url\":\"https:\\\/\\\/affectionate-banach.151-80-3-6.plesk.page\\\/wp-content\\\/uploads\\\/2019\\\/07\\\/logo.png\",\"contentUrl\":\"https:\\\/\\\/affectionate-banach.151-80-3-6.plesk.page\\\/wp-content\\\/uploads\\\/2019\\\/07\\\/logo.png\",\"width\":164,\"height\":53,\"caption\":\"D\u00c9MOLITION WILLIAM PERREAULT\"},\"image\":{\"@id\":\"https:\\\/\\\/demolition-perreault.fr\\\/#\\\/schema\\\/logo\\\/image\\\/\"},\"sameAs\":[\"https:\\\/\\\/www.facebook.com\\\/MatAnciensDWP\\\/\",\"https:\\\/\\\/www.instagram.com\\\/matanciensdwp\\\/\",\"https:\\\/\\\/www.youtube.com\\\/channel\\\/UCWjKWvI2ZySQB_lBvbX6dcA\"]}]}<\/script>\n<!-- \/ Yoast SEO plugin. -->","yoast_head_json":{"title":"Recyclage Et Valorisation - demolition-perreault.fr","description":"D\u00e9molition","robots":{"index":"index","follow":"follow","max-snippet":"max-snippet:-1","max-image-preview":"max-image-preview:large","max-video-preview":"max-video-preview:-1"},"canonical":"https:\/\/demolition-perreault.fr\/?page_id=944","og_locale":"fr_FR","og_type":"article","og_title":"Recyclage Et Valorisation - demolition-perreault.fr","og_description":"D\u00e9molition","og_url":"https:\/\/demolition-perreault.fr\/?page_id=944","og_site_name":"demolition-perreault.fr","article_publisher":"https:\/\/www.facebook.com\/MatAnciensDWP\/","article_modified_time":"2019-12-13T13:33:15+00:00","og_image":[{"url":"https:\/\/demolition-perreault.fr\/wp-content\/uploads\/elementor\/thumbs\/accueil-2-dwp-odwfpyyqox8qcn4hkoubd966hukiiakvqfci0qfsy8.jpg","type":"","width":"","height":""}],"twitter_card":"summary_large_image","twitter_misc":{"Dur\u00e9e de lecture estim\u00e9e":"1 minute"},"schema":{"@context":"https:\/\/schema.org","@graph":[{"@type":"WebPage","@id":"https:\/\/demolition-perreault.fr\/?page_id=944","url":"https:\/\/demolition-perreault.fr\/?page_id=944","name":"Recyclage Et Valorisation - demolition-perreault.fr","isPartOf":{"@id":"https:\/\/demolition-perreault.fr\/#website"},"primaryImageOfPage":{"@id":"https:\/\/demolition-perreault.fr\/?page_id=944#primaryimage"},"image":{"@id":"https:\/\/demolition-perreault.fr\/?page_id=944#primaryimage"},"thumbnailUrl":"https:\/\/demolition-perreault.fr\/wp-content\/uploads\/elementor\/thumbs\/accueil-2-dwp-odwfpyyqox8qcn4hkoubd966hukiiakvqfci0qfsy8.jpg","datePublished":"2019-10-16T14:29:48+00:00","dateModified":"2019-12-13T13:33:15+00:00","description":"D\u00e9molition","breadcrumb":{"@id":"https:\/\/demolition-perreault.fr\/?page_id=944#breadcrumb"},"inLanguage":"fr-FR","potentialAction":[{"@type":"ReadAction","target":["https:\/\/demolition-perreault.fr\/?page_id=944"]}]},{"@type":"ImageObject","inLanguage":"fr-FR","@id":"https:\/\/demolition-perreault.fr\/?page_id=944#primaryimage","url":"https:\/\/demolition-perreault.fr\/wp-content\/uploads\/elementor\/thumbs\/accueil-2-dwp-odwfpyyqox8qcn4hkoubd966hukiiakvqfci0qfsy8.jpg","contentUrl":"https:\/\/demolition-perreault.fr\/wp-content\/uploads\/elementor\/thumbs\/accueil-2-dwp-odwfpyyqox8qcn4hkoubd966hukiiakvqfci0qfsy8.jpg"},{"@type":"BreadcrumbList","@id":"https:\/\/demolition-perreault.fr\/?page_id=944#breadcrumb","itemListElement":[{"@type":"ListItem","position":1,"name":"Accueil","item":"https:\/\/demolition-perreault.fr\/"},{"@type":"ListItem","position":2,"name":"Recyclage Et Valorisation"}]},{"@type":"WebSite","@id":"https:\/\/demolition-perreault.fr\/#website","url":"https:\/\/demolition-perreault.fr\/","name":"demolition-perreault.fr","description":"La seconde vie des mat\u00e9riaux","publisher":{"@id":"https:\/\/demolition-perreault.fr\/#organization"},"potentialAction":[{"@type":"SearchAction","target":{"@type":"EntryPoint","urlTemplate":"https:\/\/demolition-perreault.fr\/?s={search_term_string}"},"query-input":{"@type":"PropertyValueSpecification","valueRequired":true,"valueName":"search_term_string"}}],"inLanguage":"fr-FR"},{"@type":"Organization","@id":"https:\/\/demolition-perreault.fr\/#organization","name":"D\u00c9MOLITION WILLIAM PERREAULT","url":"https:\/\/demolition-perreault.fr\/","logo":{"@type":"ImageObject","inLanguage":"fr-FR","@id":"https:\/\/demolition-perreault.fr\/#\/schema\/logo\/image\/","url":"https:\/\/affectionate-banach.151-80-3-6.plesk.page\/wp-content\/uploads\/2019\/07\/logo.png","contentUrl":"https:\/\/affectionate-banach.151-80-3-6.plesk.page\/wp-content\/uploads\/2019\/07\/logo.png","width":164,"height":53,"caption":"D\u00c9MOLITION WILLIAM PERREAULT"},"image":{"@id":"https:\/\/demolition-perreault.fr\/#\/schema\/logo\/image\/"},"sameAs":["https:\/\/www.facebook.com\/MatAnciensDWP\/","https:\/\/www.instagram.com\/matanciensdwp\/","https:\/\/www.youtube.com\/channel\/UCWjKWvI2ZySQB_lBvbX6dcA"]}]}},"_links":{"self":[{"href":"https:\/\/demolition-perreault.fr\/index.php?rest_route=\/wp\/v2\/pages\/944","targetHints":{"allow":["GET"]}}],"collection":[{"href":"https:\/\/demolition-perreault.fr\/index.php?rest_route=\/wp\/v2\/pages"}],"about":[{"href":"https:\/\/demolition-perreault.fr\/index.php?rest_route=\/wp\/v2\/types\/page"}],"author":[{"embeddable":true,"href":"https:\/\/demolition-perreault.fr\/index.php?rest_route=\/wp\/v2\/users\/2"}],"replies":[{"embeddable":true,"href":"https:\/\/demolition-perreault.fr\/index.php?rest_route=%2Fwp%2Fv2%2Fcomments&post=944"}],"version-history":[{"count":5,"href":"https:\/\/demolition-perreault.fr\/index.php?rest_route=\/wp\/v2\/pages\/944\/revisions"}],"predecessor-version":[{"id":1057,"href":"https:\/\/demolition-perreault.fr\/index.php?rest_route=\/wp\/v2\/pages\/944\/revisions\/1057"}],"wp:attachment":[{"href":"https:\/\/demolition-perreault.fr\/index.php?rest_route=%2Fwp%2Fv2%2Fmedia&parent=944"}],"curies":[{"name":"wp","href":"https:\/\/api.w.org\/{rel}","templated":true}]}}