{"id":920,"date":"2019-10-16T16:04:08","date_gmt":"2019-10-16T14:04:08","guid":{"rendered":"https:\/\/demolition-perreault.fr\/?page_id=920"},"modified":"2022-11-03T14:46:28","modified_gmt":"2022-11-03T13:46:28","slug":"demolition","status":"publish","type":"page","link":"https:\/\/demolition-perreault.fr\/?page_id=920","title":{"rendered":"D\u00e9molition"},"content":{"rendered":"\t\t<div data-elementor-type=\"wp-page\" data-elementor-id=\"920\" class=\"elementor elementor-920\" data-elementor-post-type=\"page\">\n\t\t\t\t\t\t<section class=\"elementor-section elementor-top-section elementor-element elementor-element-69920c7 elementor-section-boxed elementor-section-height-default elementor-section-height-default\" data-id=\"69920c7\" data-element_type=\"section\" data-e-type=\"section\" data-settings=\"{&quot;background_background&quot;:&quot;classic&quot;}\">\n\t\t\t\t\t\t<div class=\"elementor-container elementor-column-gap-default\">\n\t\t\t\t\t<div class=\"elementor-column elementor-col-100 elementor-top-column elementor-element elementor-element-ae33464\" data-id=\"ae33464\" data-element_type=\"column\" data-e-type=\"column\" data-settings=\"{&quot;background_background&quot;:&quot;classic&quot;}\">\n\t\t\t<div class=\"elementor-widget-wrap elementor-element-populated\">\n\t\t\t\t\t\t<div class=\"elementor-element elementor-element-8963248 elementor-widget elementor-widget-text-editor\" data-id=\"8963248\" data-element_type=\"widget\" data-e-type=\"widget\" data-widget_type=\"text-editor.default\">\n\t\t\t\t<div class=\"elementor-widget-container\">\n\t\t\t\t\t\t\t\t\t<p><em><strong><span style=\"color: #ff0000;\">LA D\u00c9MOLITION<\/span><\/strong><\/em><\/p>\t\t\t\t\t\t\t\t<\/div>\n\t\t\t\t<\/div>\n\t\t\t\t<section class=\"elementor-section elementor-inner-section elementor-element elementor-element-f39ae66 elementor-section-boxed elementor-section-height-default elementor-section-height-default\" data-id=\"f39ae66\" data-element_type=\"section\" data-e-type=\"section\">\n\t\t\t\t\t\t<div class=\"elementor-container elementor-column-gap-default\">\n\t\t\t\t\t<div class=\"elementor-column elementor-col-50 elementor-inner-column elementor-element elementor-element-540cf2d\" data-id=\"540cf2d\" data-element_type=\"column\" data-e-type=\"column\" data-settings=\"{&quot;background_background&quot;:&quot;classic&quot;}\">\n\t\t\t<div class=\"elementor-widget-wrap elementor-element-populated\">\n\t\t\t\t\t\t<div class=\"elementor-element elementor-element-4fd1162 elementor-widget elementor-widget-image\" data-id=\"4fd1162\" data-element_type=\"widget\" data-e-type=\"widget\" data-widget_type=\"image.default\">\n\t\t\t\t<div class=\"elementor-widget-container\">\n\t\t\t\t\t\t\t\t\t\t\t\t\t\t\t\t<a href=\"https:\/\/demolition-perreault.fr\/wp-content\/uploads\/2022\/11\/3-ohcd5hx0h4bb33x62em5xzu6u2srzw7g3o9rec4llc.jpg\" data-elementor-open-lightbox=\"yes\" data-elementor-lightbox-title=\"3-ohcd5hx0h4bb33x62em5xzu6u2srzw7g3o9rec4llc\" data-e-action-hash=\"#elementor-action%3Aaction%3Dlightbox%26settings%3DeyJpZCI6MTM5OCwidXJsIjoiaHR0cHM6XC9cL2RlbW9saXRpb24tcGVycmVhdWx0LmZyXC93cC1jb250ZW50XC91cGxvYWRzXC8yMDIyXC8xMVwvMy1vaGNkNWh4MGg0YmIzM3g2MmVtNXh6dTZ1MnNyenc3ZzNvOXJlYzRsbGMuanBnIn0%3D\">\n\t\t\t\t\t\t\t<img decoding=\"async\" src=\"https:\/\/demolition-perreault.fr\/wp-content\/uploads\/elementor\/thumbs\/3-ohcd5hx0h4bb33x62em5xzu6u2srzw7g3o9rec4llc-rd6tut3fhfk97bh11mjjyof7z7g57u4gj8z7g97wpc.jpg\" title=\"3-ohcd5hx0h4bb33x62em5xzu6u2srzw7g3o9rec4llc\" alt=\"3-ohcd5hx0h4bb33x62em5xzu6u2srzw7g3o9rec4llc\" loading=\"lazy\" \/>\t\t\t\t\t\t\t\t<\/a>\n\t\t\t\t\t\t\t\t\t\t\t\t\t\t\t<\/div>\n\t\t\t\t<\/div>\n\t\t\t\t<div class=\"elementor-element elementor-element-69dfc69 elementor-widget elementor-widget-image\" data-id=\"69dfc69\" data-element_type=\"widget\" data-e-type=\"widget\" data-widget_type=\"image.default\">\n\t\t\t\t<div class=\"elementor-widget-container\">\n\t\t\t\t\t\t\t\t\t\t\t\t\t\t\t\t<a href=\"https:\/\/demolition-perreault.fr\/wp-content\/uploads\/2022\/11\/1-ohcd51xr8xpflqkdnppi9lvcqizjd1g0dh6i8msaj4.jpg\" data-elementor-open-lightbox=\"yes\" data-elementor-lightbox-title=\"1-ohcd51xr8xpflqkdnppi9lvcqizjd1g0dh6i8msaj4\" data-e-action-hash=\"#elementor-action%3Aaction%3Dlightbox%26settings%3DeyJpZCI6MTM5OSwidXJsIjoiaHR0cHM6XC9cL2RlbW9saXRpb24tcGVycmVhdWx0LmZyXC93cC1jb250ZW50XC91cGxvYWRzXC8yMDIyXC8xMVwvMS1vaGNkNTF4cjh4cGZscWtkbnBwaTlsdmNxaXpqZDFnMGRoNmk4bXNhajQuanBnIn0%3D\">\n\t\t\t\t\t\t\t<img decoding=\"async\" src=\"https:\/\/demolition-perreault.fr\/wp-content\/uploads\/elementor\/thumbs\/1-ohcd51xr8xpflqkdnppi9lvcqizjd1g0dh6i8msaj4-rd6tut3fhfk97bh11mjjyof7z7g57u4gj8z7g97wpc.jpg\" title=\"1-ohcd51xr8xpflqkdnppi9lvcqizjd1g0dh6i8msaj4\" alt=\"1-ohcd51xr8xpflqkdnppi9lvcqizjd1g0dh6i8msaj4\" loading=\"lazy\" \/>\t\t\t\t\t\t\t\t<\/a>\n\t\t\t\t\t\t\t\t\t\t\t\t\t\t\t<\/div>\n\t\t\t\t<\/div>\n\t\t\t\t<div class=\"elementor-element elementor-element-816998e elementor-widget elementor-widget-image\" data-id=\"816998e\" data-element_type=\"widget\" data-e-type=\"widget\" data-widget_type=\"image.default\">\n\t\t\t\t<div class=\"elementor-widget-container\">\n\t\t\t\t\t\t\t\t\t\t\t\t\t\t\t\t<a href=\"https:\/\/demolition-perreault.fr\/wp-content\/uploads\/2022\/11\/2-ohcd58imkryfv0atlajw927kw833ux64qdqwlkijbk.jpg\" data-elementor-open-lightbox=\"yes\" data-elementor-lightbox-title=\"2-ohcd58imkryfv0atlajw927kw833ux64qdqwlkijbk\" data-e-action-hash=\"#elementor-action%3Aaction%3Dlightbox%26settings%3DeyJpZCI6MTQwMCwidXJsIjoiaHR0cHM6XC9cL2RlbW9saXRpb24tcGVycmVhdWx0LmZyXC93cC1jb250ZW50XC91cGxvYWRzXC8yMDIyXC8xMVwvMi1vaGNkNThpbWtyeWZ2MGF0bGFqdzkyN2t3ODMzdXg2NHFkcXdsa2lqYmsuanBnIn0%3D\">\n\t\t\t\t\t\t\t<img decoding=\"async\" src=\"https:\/\/demolition-perreault.fr\/wp-content\/uploads\/elementor\/thumbs\/2-ohcd58imkryfv0atlajw927kw833ux64qdqwlkijbk-rd6tut3fhfk97bh11mjjyof7z7g57u4gj8z7g97wpc.jpg\" title=\"2-ohcd58imkryfv0atlajw927kw833ux64qdqwlkijbk\" alt=\"2-ohcd58imkryfv0atlajw927kw833ux64qdqwlkijbk\" loading=\"lazy\" \/>\t\t\t\t\t\t\t\t<\/a>\n\t\t\t\t\t\t\t\t\t\t\t\t\t\t\t<\/div>\n\t\t\t\t<\/div>\n\t\t\t\t\t<\/div>\n\t\t<\/div>\n\t\t\t\t<div class=\"elementor-column elementor-col-50 elementor-inner-column elementor-element elementor-element-9c95560\" data-id=\"9c95560\" data-element_type=\"column\" data-e-type=\"column\">\n\t\t\t<div class=\"elementor-widget-wrap elementor-element-populated\">\n\t\t\t\t\t\t<div class=\"elementor-element elementor-element-c1af762 elementor-widget elementor-widget-text-editor\" data-id=\"c1af762\" data-element_type=\"widget\" data-e-type=\"widget\" data-widget_type=\"text-editor.default\">\n\t\t\t\t<div class=\"elementor-widget-container\">\n\t\t\t\t\t\t\t\t\t<h2>La d\u00e9molition, notre coeur de m\u00e9tier.<\/h2><p align=\"justify\">Notre entreprise est \u00e0 votre service pour \u00e9tudier et r\u00e9aliser tout type de travaux de d\u00e9molition que vous seriez \u00e0 m\u00eame de nous proposer.<\/p><p align=\"justify\">Nos \u00e9quipes vous accompagneront de leur expertise et de leur savoir-faire dans les diff\u00e9rents aspects de la d\u00e9molition :<\/p><ul><li>S\u00e9curit\u00e9<\/li><li>Hygi\u00e8ne<\/li><li>Environnement<\/li><li>Tra\u00e7abilit\u00e9<\/li><li>Gestion des mat\u00e9riaux<\/li><li>Valorisation des d\u00e9chets<\/li><\/ul><p align=\"justify\">De par notre engagement, nous vous garantissons le bon d\u00e9roulement des chantiers que vous nous confiez, et ce dans le strict respect des r\u00e8gles inh\u00e9rentes \u00e0 notre profession.<\/p><p align=\"justify\">&gt;\u00a0<a href=\"http:\/\/demolition-perreault.fr\/#contact\">Pour tout projet de d\u00e9molition, n&rsquo;h\u00e9sitez pas \u00e0 nous contacter.<\/a><\/p>\t\t\t\t\t\t\t\t<\/div>\n\t\t\t\t<\/div>\n\t\t\t\t\t<\/div>\n\t\t<\/div>\n\t\t\t\t\t<\/div>\n\t\t<\/section>\n\t\t\t\t\t<\/div>\n\t\t<\/div>\n\t\t\t\t\t<\/div>\n\t\t<\/section>\n\t\t\t\t<\/div>\n\t\t","protected":false},"excerpt":{"rendered":"<p>LA D\u00c9MOLITION La d\u00e9molition, notre coeur de m\u00e9tier. Notre entreprise est \u00e0 votre service pour \u00e9tudier et r\u00e9aliser tout type de travaux de d\u00e9molition que vous seriez \u00e0 m\u00eame de nous proposer. Nos \u00e9quipes vous accompagneront de leur expertise et de leur savoir-faire dans les diff\u00e9rents aspects de la d\u00e9molition : S\u00e9curit\u00e9 Hygi\u00e8ne Environnement Tra\u00e7abilit\u00e9 [&hellip;]<\/p>\n","protected":false},"author":2,"featured_media":0,"parent":0,"menu_order":0,"comment_status":"closed","ping_status":"closed","template":"","meta":{"footnotes":""},"class_list":["post-920","page","type-page","status-publish","hentry"],"yoast_head":"<!-- This site is optimized with the Yoast SEO plugin v27.5 - https:\/\/yoast.com\/product\/yoast-seo-wordpress\/ -->\n<title>D\u00e9molition - demolition-perreault.fr<\/title>\n<meta name=\"description\" content=\"D\u00e9molition\" \/>\n<meta name=\"robots\" content=\"index, follow, max-snippet:-1, max-image-preview:large, max-video-preview:-1\" \/>\n<link rel=\"canonical\" href=\"https:\/\/demolition-perreault.fr\/?page_id=920\" \/>\n<meta property=\"og:locale\" content=\"fr_FR\" \/>\n<meta property=\"og:type\" content=\"article\" \/>\n<meta property=\"og:title\" content=\"D\u00e9molition - demolition-perreault.fr\" \/>\n<meta property=\"og:description\" content=\"D\u00e9molition\" \/>\n<meta property=\"og:url\" content=\"https:\/\/demolition-perreault.fr\/?page_id=920\" \/>\n<meta property=\"og:site_name\" content=\"demolition-perreault.fr\" \/>\n<meta property=\"article:publisher\" content=\"https:\/\/www.facebook.com\/MatAnciensDWP\/\" \/>\n<meta property=\"article:modified_time\" content=\"2022-11-03T13:46:28+00:00\" \/>\n<meta property=\"og:image\" content=\"https:\/\/demolition-perreault.fr\/wp-content\/uploads\/elementor\/thumbs\/3-ohcd5hx0h4bb33x62em5xzu6u2srzw7g3o9rec4llc-px664vyw626j9mvrf96cq2oszhjx6hngd8ovumxq0w.jpg\" \/>\n<meta name=\"twitter:card\" content=\"summary_large_image\" \/>\n<meta name=\"twitter:label1\" content=\"Dur\u00e9e de lecture estim\u00e9e\" \/>\n\t<meta name=\"twitter:data1\" content=\"2 minutes\" \/>\n<script type=\"application\/ld+json\" class=\"yoast-schema-graph\">{\"@context\":\"https:\\\/\\\/schema.org\",\"@graph\":[{\"@type\":\"WebPage\",\"@id\":\"https:\\\/\\\/demolition-perreault.fr\\\/?page_id=920\",\"url\":\"https:\\\/\\\/demolition-perreault.fr\\\/?page_id=920\",\"name\":\"D\u00e9molition - demolition-perreault.fr\",\"isPartOf\":{\"@id\":\"https:\\\/\\\/demolition-perreault.fr\\\/#website\"},\"primaryImageOfPage\":{\"@id\":\"https:\\\/\\\/demolition-perreault.fr\\\/?page_id=920#primaryimage\"},\"image\":{\"@id\":\"https:\\\/\\\/demolition-perreault.fr\\\/?page_id=920#primaryimage\"},\"thumbnailUrl\":\"https:\\\/\\\/demolition-perreault.fr\\\/wp-content\\\/uploads\\\/elementor\\\/thumbs\\\/3-ohcd5hx0h4bb33x62em5xzu6u2srzw7g3o9rec4llc-px664vyw626j9mvrf96cq2oszhjx6hngd8ovumxq0w.jpg\",\"datePublished\":\"2019-10-16T14:04:08+00:00\",\"dateModified\":\"2022-11-03T13:46:28+00:00\",\"description\":\"D\u00e9molition\",\"breadcrumb\":{\"@id\":\"https:\\\/\\\/demolition-perreault.fr\\\/?page_id=920#breadcrumb\"},\"inLanguage\":\"fr-FR\",\"potentialAction\":[{\"@type\":\"ReadAction\",\"target\":[\"https:\\\/\\\/demolition-perreault.fr\\\/?page_id=920\"]}]},{\"@type\":\"ImageObject\",\"inLanguage\":\"fr-FR\",\"@id\":\"https:\\\/\\\/demolition-perreault.fr\\\/?page_id=920#primaryimage\",\"url\":\"https:\\\/\\\/demolition-perreault.fr\\\/wp-content\\\/uploads\\\/elementor\\\/thumbs\\\/3-ohcd5hx0h4bb33x62em5xzu6u2srzw7g3o9rec4llc-px664vyw626j9mvrf96cq2oszhjx6hngd8ovumxq0w.jpg\",\"contentUrl\":\"https:\\\/\\\/demolition-perreault.fr\\\/wp-content\\\/uploads\\\/elementor\\\/thumbs\\\/3-ohcd5hx0h4bb33x62em5xzu6u2srzw7g3o9rec4llc-px664vyw626j9mvrf96cq2oszhjx6hngd8ovumxq0w.jpg\"},{\"@type\":\"BreadcrumbList\",\"@id\":\"https:\\\/\\\/demolition-perreault.fr\\\/?page_id=920#breadcrumb\",\"itemListElement\":[{\"@type\":\"ListItem\",\"position\":1,\"name\":\"Accueil\",\"item\":\"https:\\\/\\\/demolition-perreault.fr\\\/\"},{\"@type\":\"ListItem\",\"position\":2,\"name\":\"D\u00e9molition\"}]},{\"@type\":\"WebSite\",\"@id\":\"https:\\\/\\\/demolition-perreault.fr\\\/#website\",\"url\":\"https:\\\/\\\/demolition-perreault.fr\\\/\",\"name\":\"demolition-perreault.fr\",\"description\":\"La seconde vie des mat\u00e9riaux\",\"publisher\":{\"@id\":\"https:\\\/\\\/demolition-perreault.fr\\\/#organization\"},\"potentialAction\":[{\"@type\":\"SearchAction\",\"target\":{\"@type\":\"EntryPoint\",\"urlTemplate\":\"https:\\\/\\\/demolition-perreault.fr\\\/?s={search_term_string}\"},\"query-input\":{\"@type\":\"PropertyValueSpecification\",\"valueRequired\":true,\"valueName\":\"search_term_string\"}}],\"inLanguage\":\"fr-FR\"},{\"@type\":\"Organization\",\"@id\":\"https:\\\/\\\/demolition-perreault.fr\\\/#organization\",\"name\":\"D\u00c9MOLITION WILLIAM PERREAULT\",\"url\":\"https:\\\/\\\/demolition-perreault.fr\\\/\",\"logo\":{\"@type\":\"ImageObject\",\"inLanguage\":\"fr-FR\",\"@id\":\"https:\\\/\\\/demolition-perreault.fr\\\/#\\\/schema\\\/logo\\\/image\\\/\",\"url\":\"https:\\\/\\\/affectionate-banach.151-80-3-6.plesk.page\\\/wp-content\\\/uploads\\\/2019\\\/07\\\/logo.png\",\"contentUrl\":\"https:\\\/\\\/affectionate-banach.151-80-3-6.plesk.page\\\/wp-content\\\/uploads\\\/2019\\\/07\\\/logo.png\",\"width\":164,\"height\":53,\"caption\":\"D\u00c9MOLITION WILLIAM PERREAULT\"},\"image\":{\"@id\":\"https:\\\/\\\/demolition-perreault.fr\\\/#\\\/schema\\\/logo\\\/image\\\/\"},\"sameAs\":[\"https:\\\/\\\/www.facebook.com\\\/MatAnciensDWP\\\/\",\"https:\\\/\\\/www.instagram.com\\\/matanciensdwp\\\/\",\"https:\\\/\\\/www.youtube.com\\\/channel\\\/UCWjKWvI2ZySQB_lBvbX6dcA\"]}]}<\/script>\n<!-- \/ Yoast SEO plugin. -->","yoast_head_json":{"title":"D\u00e9molition - demolition-perreault.fr","description":"D\u00e9molition","robots":{"index":"index","follow":"follow","max-snippet":"max-snippet:-1","max-image-preview":"max-image-preview:large","max-video-preview":"max-video-preview:-1"},"canonical":"https:\/\/demolition-perreault.fr\/?page_id=920","og_locale":"fr_FR","og_type":"article","og_title":"D\u00e9molition - demolition-perreault.fr","og_description":"D\u00e9molition","og_url":"https:\/\/demolition-perreault.fr\/?page_id=920","og_site_name":"demolition-perreault.fr","article_publisher":"https:\/\/www.facebook.com\/MatAnciensDWP\/","article_modified_time":"2022-11-03T13:46:28+00:00","og_image":[{"url":"https:\/\/demolition-perreault.fr\/wp-content\/uploads\/elementor\/thumbs\/3-ohcd5hx0h4bb33x62em5xzu6u2srzw7g3o9rec4llc-px664vyw626j9mvrf96cq2oszhjx6hngd8ovumxq0w.jpg","type":"","width":"","height":""}],"twitter_card":"summary_large_image","twitter_misc":{"Dur\u00e9e de lecture estim\u00e9e":"2 minutes"},"schema":{"@context":"https:\/\/schema.org","@graph":[{"@type":"WebPage","@id":"https:\/\/demolition-perreault.fr\/?page_id=920","url":"https:\/\/demolition-perreault.fr\/?page_id=920","name":"D\u00e9molition - demolition-perreault.fr","isPartOf":{"@id":"https:\/\/demolition-perreault.fr\/#website"},"primaryImageOfPage":{"@id":"https:\/\/demolition-perreault.fr\/?page_id=920#primaryimage"},"image":{"@id":"https:\/\/demolition-perreault.fr\/?page_id=920#primaryimage"},"thumbnailUrl":"https:\/\/demolition-perreault.fr\/wp-content\/uploads\/elementor\/thumbs\/3-ohcd5hx0h4bb33x62em5xzu6u2srzw7g3o9rec4llc-px664vyw626j9mvrf96cq2oszhjx6hngd8ovumxq0w.jpg","datePublished":"2019-10-16T14:04:08+00:00","dateModified":"2022-11-03T13:46:28+00:00","description":"D\u00e9molition","breadcrumb":{"@id":"https:\/\/demolition-perreault.fr\/?page_id=920#breadcrumb"},"inLanguage":"fr-FR","potentialAction":[{"@type":"ReadAction","target":["https:\/\/demolition-perreault.fr\/?page_id=920"]}]},{"@type":"ImageObject","inLanguage":"fr-FR","@id":"https:\/\/demolition-perreault.fr\/?page_id=920#primaryimage","url":"https:\/\/demolition-perreault.fr\/wp-content\/uploads\/elementor\/thumbs\/3-ohcd5hx0h4bb33x62em5xzu6u2srzw7g3o9rec4llc-px664vyw626j9mvrf96cq2oszhjx6hngd8ovumxq0w.jpg","contentUrl":"https:\/\/demolition-perreault.fr\/wp-content\/uploads\/elementor\/thumbs\/3-ohcd5hx0h4bb33x62em5xzu6u2srzw7g3o9rec4llc-px664vyw626j9mvrf96cq2oszhjx6hngd8ovumxq0w.jpg"},{"@type":"BreadcrumbList","@id":"https:\/\/demolition-perreault.fr\/?page_id=920#breadcrumb","itemListElement":[{"@type":"ListItem","position":1,"name":"Accueil","item":"https:\/\/demolition-perreault.fr\/"},{"@type":"ListItem","position":2,"name":"D\u00e9molition"}]},{"@type":"WebSite","@id":"https:\/\/demolition-perreault.fr\/#website","url":"https:\/\/demolition-perreault.fr\/","name":"demolition-perreault.fr","description":"La seconde vie des mat\u00e9riaux","publisher":{"@id":"https:\/\/demolition-perreault.fr\/#organization"},"potentialAction":[{"@type":"SearchAction","target":{"@type":"EntryPoint","urlTemplate":"https:\/\/demolition-perreault.fr\/?s={search_term_string}"},"query-input":{"@type":"PropertyValueSpecification","valueRequired":true,"valueName":"search_term_string"}}],"inLanguage":"fr-FR"},{"@type":"Organization","@id":"https:\/\/demolition-perreault.fr\/#organization","name":"D\u00c9MOLITION WILLIAM PERREAULT","url":"https:\/\/demolition-perreault.fr\/","logo":{"@type":"ImageObject","inLanguage":"fr-FR","@id":"https:\/\/demolition-perreault.fr\/#\/schema\/logo\/image\/","url":"https:\/\/affectionate-banach.151-80-3-6.plesk.page\/wp-content\/uploads\/2019\/07\/logo.png","contentUrl":"https:\/\/affectionate-banach.151-80-3-6.plesk.page\/wp-content\/uploads\/2019\/07\/logo.png","width":164,"height":53,"caption":"D\u00c9MOLITION WILLIAM PERREAULT"},"image":{"@id":"https:\/\/demolition-perreault.fr\/#\/schema\/logo\/image\/"},"sameAs":["https:\/\/www.facebook.com\/MatAnciensDWP\/","https:\/\/www.instagram.com\/matanciensdwp\/","https:\/\/www.youtube.com\/channel\/UCWjKWvI2ZySQB_lBvbX6dcA"]}]}},"_links":{"self":[{"href":"https:\/\/demolition-perreault.fr\/index.php?rest_route=\/wp\/v2\/pages\/920","targetHints":{"allow":["GET"]}}],"collection":[{"href":"https:\/\/demolition-perreault.fr\/index.php?rest_route=\/wp\/v2\/pages"}],"about":[{"href":"https:\/\/demolition-perreault.fr\/index.php?rest_route=\/wp\/v2\/types\/page"}],"author":[{"embeddable":true,"href":"https:\/\/demolition-perreault.fr\/index.php?rest_route=\/wp\/v2\/users\/2"}],"replies":[{"embeddable":true,"href":"https:\/\/demolition-perreault.fr\/index.php?rest_route=%2Fwp%2Fv2%2Fcomments&post=920"}],"version-history":[{"count":15,"href":"https:\/\/demolition-perreault.fr\/index.php?rest_route=\/wp\/v2\/pages\/920\/revisions"}],"predecessor-version":[{"id":1403,"href":"https:\/\/demolition-perreault.fr\/index.php?rest_route=\/wp\/v2\/pages\/920\/revisions\/1403"}],"wp:attachment":[{"href":"https:\/\/demolition-perreault.fr\/index.php?rest_route=%2Fwp%2Fv2%2Fmedia&parent=920"}],"curies":[{"name":"wp","href":"https:\/\/api.w.org\/{rel}","templated":true}]}}