{"id":849,"date":"2019-09-19T11:29:53","date_gmt":"2019-09-19T09:29:53","guid":{"rendered":"https:\/\/demolition-perreault.fr\/?page_id=849"},"modified":"2024-05-13T10:08:12","modified_gmt":"2024-05-13T08:08:12","slug":"mentions-legales-dwp","status":"publish","type":"page","link":"https:\/\/demolition-perreault.fr\/?page_id=849","title":{"rendered":"Mentions L\u00e9gales DWP"},"content":{"rendered":"\t\t<div data-elementor-type=\"wp-page\" data-elementor-id=\"849\" class=\"elementor elementor-849\" data-elementor-post-type=\"page\">\n\t\t\t\t\t\t<section class=\"elementor-section elementor-top-section elementor-element elementor-element-c072ab8 elementor-section-boxed elementor-section-height-default elementor-section-height-default\" data-id=\"c072ab8\" data-element_type=\"section\" data-e-type=\"section\">\n\t\t\t\t\t\t<div class=\"elementor-container elementor-column-gap-default\">\n\t\t\t\t\t<div class=\"elementor-column elementor-col-100 elementor-top-column elementor-element elementor-element-db0cf22\" data-id=\"db0cf22\" data-element_type=\"column\" data-e-type=\"column\">\n\t\t\t<div class=\"elementor-widget-wrap elementor-element-populated\">\n\t\t\t\t\t\t<div class=\"elementor-element elementor-element-0f216a4 elementor-widget-divider--view-line_icon elementor-view-default elementor-widget-divider--element-align-center elementor-widget elementor-widget-divider\" data-id=\"0f216a4\" data-element_type=\"widget\" data-e-type=\"widget\" data-widget_type=\"divider.default\">\n\t\t\t\t<div class=\"elementor-widget-container\">\n\t\t\t\t\t\t\t<div class=\"elementor-divider\">\n\t\t\t<span class=\"elementor-divider-separator\">\n\t\t\t\t\t\t\t<div class=\"elementor-icon elementor-divider__element\">\n\t\t\t\t\t<i aria-hidden=\"true\" class=\"fas fa-thumbtack\"><\/i><\/div>\n\t\t\t\t\t\t<\/span>\n\t\t<\/div>\n\t\t\t\t\t\t<\/div>\n\t\t\t\t<\/div>\n\t\t\t\t<div class=\"elementor-element elementor-element-104c0ca elementor-widget elementor-widget-heading\" data-id=\"104c0ca\" data-element_type=\"widget\" data-e-type=\"widget\" data-widget_type=\"heading.default\">\n\t\t\t\t<div class=\"elementor-widget-container\">\n\t\t\t\t\t<h2 class=\"elementor-heading-title elementor-size-default\">MENTIONS L\u00c9GALES<\/h2>\t\t\t\t<\/div>\n\t\t\t\t<\/div>\n\t\t\t\t<section class=\"elementor-section elementor-inner-section elementor-element elementor-element-baed8d4 elementor-section-boxed elementor-section-height-default elementor-section-height-default\" data-id=\"baed8d4\" data-element_type=\"section\" data-e-type=\"section\">\n\t\t\t\t\t\t<div class=\"elementor-container elementor-column-gap-default\">\n\t\t\t\t\t<div class=\"elementor-column elementor-col-100 elementor-inner-column elementor-element elementor-element-4828093\" data-id=\"4828093\" data-element_type=\"column\" data-e-type=\"column\">\n\t\t\t<div class=\"elementor-widget-wrap elementor-element-populated\">\n\t\t\t\t\t\t<div class=\"elementor-element elementor-element-0c74b36 elementor-widget elementor-widget-text-editor\" data-id=\"0c74b36\" data-element_type=\"widget\" data-e-type=\"widget\" data-widget_type=\"text-editor.default\">\n\t\t\t\t<div class=\"elementor-widget-container\">\n\t\t\t\t\t\t\t\t\t<h3>Edition<\/h3><p>Le pr\u00e9sent site est la propri\u00e9t\u00e9 de DEMOLITION WILLIAM PERREAULT (DWP).<\/p><p>Direction de la publication : M. Pascal PERREAULT<\/p><p><strong>D\u00e9molition Willam Perreault<\/strong><br \/><span style=\"font-size: small;\">52 bis Avenue Gabriel P\u00e9ri<br \/>78360 MONTESSON<\/span><\/p><p>\u00a0<\/p><h3>Immatriculation<\/h3><p><span style=\"font-size: small;\">Num\u00e9ro d&rsquo;inscription : RCS Versailles B 609 705 223<br \/>Capital social : 250.000,00 EUROS<br \/>G\u00e9rant : M. PERREAULT Pascal<\/span><\/p><p>\u00a0<\/p><h3>H\u00e9bergement &amp; Webdesign<\/h3><p>Le prestataire assurant le stockage direct et permanent du site est la soci\u00e9t\u00e9 <a href=\"http:\/\/miap.fr\">MIAP &#8211; INFORMATIQUE.<\/a><\/p><p>\u00a0<\/p><h3>Droits d&rsquo;auteur et droit de reproduction<\/h3><p>L&rsquo;ensemble de ce site rel\u00e8ve de la l\u00e9gislation fran\u00e7aise et internationale sur le droit d&rsquo;auteur et la propri\u00e9t\u00e9 intellectuelle.<br \/>Tous les droits de reproduction sont r\u00e9serv\u00e9s, y compris les repr\u00e9sentations iconographiques et photographiques.<br \/>La reproduction de tout ou partie de ce site sur un support quel qu&rsquo;il soit, est formellement interdite sauf autorisation expresse du responsable du site Internet.<\/p><p>La reproduction des textes sur un support papier est autoris\u00e9e sous r\u00e9serve du respect des trois conditions suivantes :<br \/>&gt; gratuit\u00e9 de la diffusion<br \/>&gt; respect de l&rsquo;int\u00e9grit\u00e9 des documents reproduits (pas de modification ni alt\u00e9ration)<br \/>&gt; citation claire et lisible de la source sous la forme suivante :<br \/>\u00ab\u00a0Document issu du site Internet www.demolition-perreault.fr. Les droits de reproduction sont r\u00e9serv\u00e9s et strictement limit\u00e9s.\u00a0\u00bb<br \/>Pour toute autre utilisation, veuillez nous consulter.<\/p><p>Conform\u00e9ment au code de la propri\u00e9t\u00e9 intellectuelle, ces repr\u00e9sentations iconographiques et photographiques restent la propri\u00e9t\u00e9 de leurs auteurs. La reproduction de ces photographies et illustrations est interdite sans autorisation pr\u00e9alable.<\/p><h3>\u00a0<\/h3><h3>Confidentialit\u00e9 des courriers<\/h3><p>Concernant les informations relatives \u00e0 l&rsquo;envoi de courriers \u00e9lectroniques nous vous informons que :<\/p><p>&gt; Le secret des correspondances transmises par le r\u00e9seau internet n&rsquo;est pas garanti.<\/p><p>&gt; Les courriers \u00e9lectroniques sont conserv\u00e9s sur support informatique le temps pour l&rsquo;organisme de fournir une r\u00e9ponse.<\/p><p>\u00a0<\/p><h3>Liens<\/h3><p>Le site www.demolition-perreault.fr contient des liens vers d&rsquo;autres sites. Ces sites, dont les adresses sont r\u00e9guli\u00e8rement v\u00e9rifi\u00e9es, ne font pas partie du site www.demolition-perreault.fr. L&rsquo;\u00e9quipe \u00e9ditoriale de DWP n&rsquo;a pas la ma\u00eetrise de leur contenu et d\u00e9cline toute responsabilit\u00e9 quant aux informations qui y sont pr\u00e9sent\u00e9es.<\/p>\t\t\t\t\t\t\t\t<\/div>\n\t\t\t\t<\/div>\n\t\t\t\t<div class=\"elementor-element elementor-element-fd49c02 elementor-widget-divider--view-line elementor-widget elementor-widget-divider\" data-id=\"fd49c02\" data-element_type=\"widget\" data-e-type=\"widget\" data-widget_type=\"divider.default\">\n\t\t\t\t<div class=\"elementor-widget-container\">\n\t\t\t\t\t\t\t<div class=\"elementor-divider\">\n\t\t\t<span class=\"elementor-divider-separator\">\n\t\t\t\t\t\t<\/span>\n\t\t<\/div>\n\t\t\t\t\t\t<\/div>\n\t\t\t\t<\/div>\n\t\t\t\t\t<\/div>\n\t\t<\/div>\n\t\t\t\t\t<\/div>\n\t\t<\/section>\n\t\t\t\t\t<\/div>\n\t\t<\/div>\n\t\t\t\t\t<\/div>\n\t\t<\/section>\n\t\t\t\t<\/div>\n\t\t","protected":false},"excerpt":{"rendered":"<p>MENTIONS L\u00c9GALES Edition Le pr\u00e9sent site est la propri\u00e9t\u00e9 de DEMOLITION WILLIAM PERREAULT (DWP). Direction de la publication : M. Pascal PERREAULT D\u00e9molition Willam Perreault52 bis Avenue Gabriel P\u00e9ri78360 MONTESSON \u00a0 Immatriculation Num\u00e9ro d&rsquo;inscription : RCS Versailles B 609 705 223Capital social : 250.000,00 EUROSG\u00e9rant : M. PERREAULT Pascal \u00a0 H\u00e9bergement &amp; Webdesign Le prestataire [&hellip;]<\/p>\n","protected":false},"author":2,"featured_media":0,"parent":0,"menu_order":0,"comment_status":"closed","ping_status":"closed","template":"","meta":{"footnotes":""},"class_list":["post-849","page","type-page","status-publish","hentry"],"yoast_head":"<!-- This site is optimized with the Yoast SEO plugin v27.5 - https:\/\/yoast.com\/product\/yoast-seo-wordpress\/ -->\n<title>Mentions L\u00e9gales DWP - demolition-perreault.fr<\/title>\n<meta name=\"description\" content=\"D\u00e9molition\" \/>\n<meta name=\"robots\" content=\"index, follow, max-snippet:-1, max-image-preview:large, max-video-preview:-1\" \/>\n<link rel=\"canonical\" href=\"https:\/\/demolition-perreault.fr\/?page_id=849\" \/>\n<meta property=\"og:locale\" content=\"fr_FR\" \/>\n<meta property=\"og:type\" content=\"article\" \/>\n<meta property=\"og:title\" content=\"Mentions L\u00e9gales DWP - demolition-perreault.fr\" \/>\n<meta property=\"og:description\" content=\"D\u00e9molition\" \/>\n<meta property=\"og:url\" content=\"https:\/\/demolition-perreault.fr\/?page_id=849\" \/>\n<meta property=\"og:site_name\" content=\"demolition-perreault.fr\" \/>\n<meta property=\"article:publisher\" content=\"https:\/\/www.facebook.com\/MatAnciensDWP\/\" \/>\n<meta property=\"article:modified_time\" content=\"2024-05-13T08:08:12+00:00\" \/>\n<meta name=\"twitter:card\" content=\"summary_large_image\" \/>\n<meta name=\"twitter:label1\" content=\"Dur\u00e9e de lecture estim\u00e9e\" \/>\n\t<meta name=\"twitter:data1\" content=\"2 minutes\" \/>\n<script type=\"application\/ld+json\" class=\"yoast-schema-graph\">{\"@context\":\"https:\\\/\\\/schema.org\",\"@graph\":[{\"@type\":\"WebPage\",\"@id\":\"https:\\\/\\\/demolition-perreault.fr\\\/?page_id=849\",\"url\":\"https:\\\/\\\/demolition-perreault.fr\\\/?page_id=849\",\"name\":\"Mentions L\u00e9gales DWP - demolition-perreault.fr\",\"isPartOf\":{\"@id\":\"https:\\\/\\\/demolition-perreault.fr\\\/#website\"},\"datePublished\":\"2019-09-19T09:29:53+00:00\",\"dateModified\":\"2024-05-13T08:08:12+00:00\",\"description\":\"D\u00e9molition\",\"breadcrumb\":{\"@id\":\"https:\\\/\\\/demolition-perreault.fr\\\/?page_id=849#breadcrumb\"},\"inLanguage\":\"fr-FR\",\"potentialAction\":[{\"@type\":\"ReadAction\",\"target\":[\"https:\\\/\\\/demolition-perreault.fr\\\/?page_id=849\"]}]},{\"@type\":\"BreadcrumbList\",\"@id\":\"https:\\\/\\\/demolition-perreault.fr\\\/?page_id=849#breadcrumb\",\"itemListElement\":[{\"@type\":\"ListItem\",\"position\":1,\"name\":\"Accueil\",\"item\":\"https:\\\/\\\/demolition-perreault.fr\\\/\"},{\"@type\":\"ListItem\",\"position\":2,\"name\":\"Mentions L\u00e9gales DWP\"}]},{\"@type\":\"WebSite\",\"@id\":\"https:\\\/\\\/demolition-perreault.fr\\\/#website\",\"url\":\"https:\\\/\\\/demolition-perreault.fr\\\/\",\"name\":\"demolition-perreault.fr\",\"description\":\"La seconde vie des mat\u00e9riaux\",\"publisher\":{\"@id\":\"https:\\\/\\\/demolition-perreault.fr\\\/#organization\"},\"potentialAction\":[{\"@type\":\"SearchAction\",\"target\":{\"@type\":\"EntryPoint\",\"urlTemplate\":\"https:\\\/\\\/demolition-perreault.fr\\\/?s={search_term_string}\"},\"query-input\":{\"@type\":\"PropertyValueSpecification\",\"valueRequired\":true,\"valueName\":\"search_term_string\"}}],\"inLanguage\":\"fr-FR\"},{\"@type\":\"Organization\",\"@id\":\"https:\\\/\\\/demolition-perreault.fr\\\/#organization\",\"name\":\"D\u00c9MOLITION WILLIAM PERREAULT\",\"url\":\"https:\\\/\\\/demolition-perreault.fr\\\/\",\"logo\":{\"@type\":\"ImageObject\",\"inLanguage\":\"fr-FR\",\"@id\":\"https:\\\/\\\/demolition-perreault.fr\\\/#\\\/schema\\\/logo\\\/image\\\/\",\"url\":\"https:\\\/\\\/affectionate-banach.151-80-3-6.plesk.page\\\/wp-content\\\/uploads\\\/2019\\\/07\\\/logo.png\",\"contentUrl\":\"https:\\\/\\\/affectionate-banach.151-80-3-6.plesk.page\\\/wp-content\\\/uploads\\\/2019\\\/07\\\/logo.png\",\"width\":164,\"height\":53,\"caption\":\"D\u00c9MOLITION WILLIAM PERREAULT\"},\"image\":{\"@id\":\"https:\\\/\\\/demolition-perreault.fr\\\/#\\\/schema\\\/logo\\\/image\\\/\"},\"sameAs\":[\"https:\\\/\\\/www.facebook.com\\\/MatAnciensDWP\\\/\",\"https:\\\/\\\/www.instagram.com\\\/matanciensdwp\\\/\",\"https:\\\/\\\/www.youtube.com\\\/channel\\\/UCWjKWvI2ZySQB_lBvbX6dcA\"]}]}<\/script>\n<!-- \/ Yoast SEO plugin. -->","yoast_head_json":{"title":"Mentions L\u00e9gales DWP - demolition-perreault.fr","description":"D\u00e9molition","robots":{"index":"index","follow":"follow","max-snippet":"max-snippet:-1","max-image-preview":"max-image-preview:large","max-video-preview":"max-video-preview:-1"},"canonical":"https:\/\/demolition-perreault.fr\/?page_id=849","og_locale":"fr_FR","og_type":"article","og_title":"Mentions L\u00e9gales DWP - demolition-perreault.fr","og_description":"D\u00e9molition","og_url":"https:\/\/demolition-perreault.fr\/?page_id=849","og_site_name":"demolition-perreault.fr","article_publisher":"https:\/\/www.facebook.com\/MatAnciensDWP\/","article_modified_time":"2024-05-13T08:08:12+00:00","twitter_card":"summary_large_image","twitter_misc":{"Dur\u00e9e de lecture estim\u00e9e":"2 minutes"},"schema":{"@context":"https:\/\/schema.org","@graph":[{"@type":"WebPage","@id":"https:\/\/demolition-perreault.fr\/?page_id=849","url":"https:\/\/demolition-perreault.fr\/?page_id=849","name":"Mentions L\u00e9gales DWP - demolition-perreault.fr","isPartOf":{"@id":"https:\/\/demolition-perreault.fr\/#website"},"datePublished":"2019-09-19T09:29:53+00:00","dateModified":"2024-05-13T08:08:12+00:00","description":"D\u00e9molition","breadcrumb":{"@id":"https:\/\/demolition-perreault.fr\/?page_id=849#breadcrumb"},"inLanguage":"fr-FR","potentialAction":[{"@type":"ReadAction","target":["https:\/\/demolition-perreault.fr\/?page_id=849"]}]},{"@type":"BreadcrumbList","@id":"https:\/\/demolition-perreault.fr\/?page_id=849#breadcrumb","itemListElement":[{"@type":"ListItem","position":1,"name":"Accueil","item":"https:\/\/demolition-perreault.fr\/"},{"@type":"ListItem","position":2,"name":"Mentions L\u00e9gales DWP"}]},{"@type":"WebSite","@id":"https:\/\/demolition-perreault.fr\/#website","url":"https:\/\/demolition-perreault.fr\/","name":"demolition-perreault.fr","description":"La seconde vie des mat\u00e9riaux","publisher":{"@id":"https:\/\/demolition-perreault.fr\/#organization"},"potentialAction":[{"@type":"SearchAction","target":{"@type":"EntryPoint","urlTemplate":"https:\/\/demolition-perreault.fr\/?s={search_term_string}"},"query-input":{"@type":"PropertyValueSpecification","valueRequired":true,"valueName":"search_term_string"}}],"inLanguage":"fr-FR"},{"@type":"Organization","@id":"https:\/\/demolition-perreault.fr\/#organization","name":"D\u00c9MOLITION WILLIAM PERREAULT","url":"https:\/\/demolition-perreault.fr\/","logo":{"@type":"ImageObject","inLanguage":"fr-FR","@id":"https:\/\/demolition-perreault.fr\/#\/schema\/logo\/image\/","url":"https:\/\/affectionate-banach.151-80-3-6.plesk.page\/wp-content\/uploads\/2019\/07\/logo.png","contentUrl":"https:\/\/affectionate-banach.151-80-3-6.plesk.page\/wp-content\/uploads\/2019\/07\/logo.png","width":164,"height":53,"caption":"D\u00c9MOLITION WILLIAM PERREAULT"},"image":{"@id":"https:\/\/demolition-perreault.fr\/#\/schema\/logo\/image\/"},"sameAs":["https:\/\/www.facebook.com\/MatAnciensDWP\/","https:\/\/www.instagram.com\/matanciensdwp\/","https:\/\/www.youtube.com\/channel\/UCWjKWvI2ZySQB_lBvbX6dcA"]}]}},"_links":{"self":[{"href":"https:\/\/demolition-perreault.fr\/index.php?rest_route=\/wp\/v2\/pages\/849","targetHints":{"allow":["GET"]}}],"collection":[{"href":"https:\/\/demolition-perreault.fr\/index.php?rest_route=\/wp\/v2\/pages"}],"about":[{"href":"https:\/\/demolition-perreault.fr\/index.php?rest_route=\/wp\/v2\/types\/page"}],"author":[{"embeddable":true,"href":"https:\/\/demolition-perreault.fr\/index.php?rest_route=\/wp\/v2\/users\/2"}],"replies":[{"embeddable":true,"href":"https:\/\/demolition-perreault.fr\/index.php?rest_route=%2Fwp%2Fv2%2Fcomments&post=849"}],"version-history":[{"count":7,"href":"https:\/\/demolition-perreault.fr\/index.php?rest_route=\/wp\/v2\/pages\/849\/revisions"}],"predecessor-version":[{"id":856,"href":"https:\/\/demolition-perreault.fr\/index.php?rest_route=\/wp\/v2\/pages\/849\/revisions\/856"}],"wp:attachment":[{"href":"https:\/\/demolition-perreault.fr\/index.php?rest_route=%2Fwp%2Fv2%2Fmedia&parent=849"}],"curies":[{"name":"wp","href":"https:\/\/api.w.org\/{rel}","templated":true}]}}