{"id":828,"date":"2019-09-18T14:54:51","date_gmt":"2019-09-18T12:54:51","guid":{"rendered":"https:\/\/demolition-perreault.fr\/?page_id=828"},"modified":"2024-02-02T16:02:05","modified_gmt":"2024-02-02T15:02:05","slug":"demolition-william-perreault","status":"publish","type":"page","link":"https:\/\/demolition-perreault.fr\/?page_id=828","title":{"rendered":"D\u00e9molition William Perreault"},"content":{"rendered":"<h2>D\u00e9molition William Perreault, une entreprise solide et fiable<\/h2>\n<p>\t\t\t\t\t\t\t\t\t\t<img fetchpriority=\"high\" decoding=\"async\" width=\"462\" height=\"262\" src=\"https:\/\/demolition-perreault.fr\/wp-content\/uploads\/2019\/09\/161.jpg\" alt=\"\" srcset=\"https:\/\/demolition-perreault.fr\/wp-content\/uploads\/2019\/09\/161.jpg 462w, https:\/\/demolition-perreault.fr\/wp-content\/uploads\/2019\/09\/161-300x170.jpg 300w\" sizes=\"(max-width: 462px) 100vw, 462px\" \/><br \/>\n\t\t\t\t\t\t\t\t\t\t<img decoding=\"async\" width=\"200\" height=\"300\" src=\"https:\/\/demolition-perreault.fr\/wp-content\/uploads\/2019\/09\/vignette-dwp-photo-42-200x300.jpg\" alt=\"\" srcset=\"https:\/\/demolition-perreault.fr\/wp-content\/uploads\/2019\/09\/vignette-dwp-photo-42-200x300.jpg 200w, https:\/\/demolition-perreault.fr\/wp-content\/uploads\/2019\/09\/vignette-dwp-photo-42.jpg 265w\" sizes=\"(max-width: 200px) 100vw, 200px\" \/><br \/>\n\t\t\t\t\t\t\t\t\t\t<img decoding=\"async\" width=\"280\" height=\"250\" src=\"https:\/\/demolition-perreault.fr\/wp-content\/uploads\/2019\/09\/vignette_demolition.jpg\" alt=\"\" \/>\t\t\t\t\t\t\t\t\t\t\t<\/p>\n<h2 style=\"margin-top: 5px; margin-bottom: 3px; padding: 0px; font-variant-numeric: normal; font-variant-east-asian: normal; font-weight: bold; font-stretch: normal; font-size: 18px; line-height: normal; font-family: Arial; color: #bf0000; user-select: auto;\">\u00a0<\/h2>\n<p style=\"margin-right: 0px; margin-bottom: 0px; margin-left: 0px; padding: 5px 0px; user-select: auto; font-family: Verdana, Arial, Helvetica, sans-serif; font-size: 12px;\" align=\"justify\">Depuis\u00a0<strong style=\"user-select: auto;\">1960<\/strong>, nos clients nous renouvellent leur confiance.<\/p>\n<p style=\"margin-right: 0px; margin-bottom: 0px; margin-left: 0px; padding: 5px 0px; user-select: auto; font-family: Verdana, Arial, Helvetica, sans-serif; font-size: 12px;\" align=\"justify\">De grands noms tel que l&rsquo;EPAD, EDF, la SNCF, GDF, l&rsquo;AFTRP, la R\u00e9gie Renault, Allianz, PSA, AXA, l\u2019APHP, Herm\u00e8s, Calcia, Lafarge, Lancel, Saint-Gobain, le Port Autonome de Paris ou encore le Minist\u00e8re de la D\u00e9fense, font partie de ceux qui ont choisi de travailler avec nous.<\/p>\n<p style=\"margin-right: 0px; margin-bottom: 0px; margin-left: 0px; padding: 5px 0px; user-select: auto; font-family: Verdana, Arial, Helvetica, sans-serif; font-size: 12px;\">William Perreault D\u00e9molition ma\u00eetrise un large p\u00e9rim\u00e8tre de comp\u00e9tences acquises au fil du temps sur le terrain.<\/p>\n<p style=\"margin-right: 0px; margin-bottom: 0px; margin-left: 0px; padding: 5px 0px; user-select: auto; font-family: Verdana, Arial, Helvetica, sans-serif; font-size: 12px;\">Son savoir-faire repose sur ses moyens humains. \u00c0 tous les niveaux de d\u00e9cision, des \u00e9quipes compos\u00e9es de femmes et d\u2019hommes ont pour objectif principal votre satisfaction.<\/p>\n<p style=\"margin-right: 0px; margin-bottom: 0px; margin-left: 0px; padding: 5px 0px; user-select: auto; font-family: Verdana, Arial, Helvetica, sans-serif; font-size: 12px;\">La qualit\u00e9 du mat\u00e9riel employ\u00e9, toujours plus performant et sp\u00e9cialis\u00e9, permet \u00e0 tous nos collaborateurs de se mettre \u00e0 votre service dans les meilleures conditions.<\/p>\n<h3 style=\"margin-top: 5px; margin-bottom: 3px; padding: 0px; font-variant-numeric: normal; font-variant-east-asian: normal; font-weight: bold; font-stretch: normal; font-size: 18px; line-height: normal; font-family: Arial; color: #bf0000; user-select: auto;\">D\u00e9molition William Perreault, une entreprise formatrice.<\/h3>\n<p style=\"margin-right: 0px; margin-bottom: 0px; margin-left: 0px; padding: 5px 0px; user-select: auto; font-family: Verdana, Arial, Helvetica, sans-serif; font-size: 12px;\" align=\"justify\">L&rsquo;entreprise Perreault a su d\u00e9velopper en son sein un encadrement sp\u00e9cialis\u00e9, ainsi que s&rsquo;entourer de compagnons professionnels form\u00e9s aux nouvelles exigences de la\u00a0<strong style=\"user-select: auto;\">d\u00e9molition<\/strong>\u00a0et du\u00a0<strong style=\"user-select: auto;\">d\u00e9samiantage<\/strong>.<\/p>\n<p style=\"margin-right: 0px; margin-bottom: 0px; margin-left: 0px; padding: 5px 0px; user-select: auto; font-family: Verdana, Arial, Helvetica, sans-serif; font-size: 12px;\" align=\"justify\">Ceux-ci suivent r\u00e9guli\u00e8rement des cycles de formation et de remise \u00e0 niveau r\u00e9alis\u00e9s dans le cadre de stages mis en place par des professionnels avec la collaboration des pr\u00e9venteurs.<\/p>\n<h2 style=\"margin-top: 5px; margin-bottom: 3px; padding: 0px; font-variant-numeric: normal; font-variant-east-asian: normal; font-weight: bold; font-stretch: normal; font-size: 18px; line-height: normal; font-family: Arial; color: #bf0000; user-select: auto;\">Nos 4 activit\u00e9s principales sont :<\/h2>\n<ul>\n<li>D\u00e9molition<\/li>\n<li>D\u00e9samiantage<\/li>\n<li>Recyclage et Valorisation des D\u00e9chets<\/li>\n<li>Vente des Mat\u00e9riaux R\u00e9cup\u00e9r\u00e9s<\/li>\n<\/ul>\n","protected":false},"excerpt":{"rendered":"<p>D\u00e9molition William Perreault, une entreprise solide et fiable \u00a0 Depuis\u00a01960, nos clients nous renouvellent leur confiance. De grands noms tel que l&rsquo;EPAD, EDF, la SNCF, GDF, l&rsquo;AFTRP, la R\u00e9gie Renault, Allianz, PSA, AXA, l\u2019APHP, Herm\u00e8s, Calcia, Lafarge, Lancel, Saint-Gobain, le Port Autonome de Paris ou encore le Minist\u00e8re de la D\u00e9fense, font partie de ceux [&hellip;]<\/p>\n","protected":false},"author":2,"featured_media":0,"parent":0,"menu_order":0,"comment_status":"closed","ping_status":"closed","template":"","meta":{"footnotes":""},"class_list":["post-828","page","type-page","status-publish","hentry"],"yoast_head":"<!-- This site is optimized with the Yoast SEO plugin v27.5 - https:\/\/yoast.com\/product\/yoast-seo-wordpress\/ -->\n<title>D\u00e9molition William Perreault - demolition-perreault.fr<\/title>\n<meta name=\"description\" content=\"D\u00e9molition\" \/>\n<meta name=\"robots\" content=\"index, follow, max-snippet:-1, max-image-preview:large, max-video-preview:-1\" \/>\n<link rel=\"canonical\" href=\"https:\/\/demolition-perreault.fr\/?page_id=828\" \/>\n<meta property=\"og:locale\" content=\"fr_FR\" \/>\n<meta property=\"og:type\" content=\"article\" \/>\n<meta property=\"og:title\" content=\"D\u00e9molition William Perreault - demolition-perreault.fr\" \/>\n<meta property=\"og:description\" content=\"D\u00e9molition\" \/>\n<meta property=\"og:url\" content=\"https:\/\/demolition-perreault.fr\/?page_id=828\" \/>\n<meta property=\"og:site_name\" content=\"demolition-perreault.fr\" \/>\n<meta property=\"article:publisher\" content=\"https:\/\/www.facebook.com\/MatAnciensDWP\/\" \/>\n<meta property=\"article:modified_time\" content=\"2024-02-02T15:02:05+00:00\" \/>\n<meta property=\"og:image\" content=\"https:\/\/demolition-perreault.fr\/wp-content\/uploads\/2019\/09\/161.jpg\" \/>\n<meta name=\"twitter:card\" content=\"summary_large_image\" \/>\n<meta name=\"twitter:label1\" content=\"Dur\u00e9e de lecture estim\u00e9e\" \/>\n\t<meta name=\"twitter:data1\" content=\"2 minutes\" \/>\n<script type=\"application\/ld+json\" class=\"yoast-schema-graph\">{\"@context\":\"https:\\\/\\\/schema.org\",\"@graph\":[{\"@type\":\"WebPage\",\"@id\":\"https:\\\/\\\/demolition-perreault.fr\\\/?page_id=828\",\"url\":\"https:\\\/\\\/demolition-perreault.fr\\\/?page_id=828\",\"name\":\"D\u00e9molition William Perreault - demolition-perreault.fr\",\"isPartOf\":{\"@id\":\"https:\\\/\\\/demolition-perreault.fr\\\/#website\"},\"primaryImageOfPage\":{\"@id\":\"https:\\\/\\\/demolition-perreault.fr\\\/?page_id=828#primaryimage\"},\"image\":{\"@id\":\"https:\\\/\\\/demolition-perreault.fr\\\/?page_id=828#primaryimage\"},\"thumbnailUrl\":\"https:\\\/\\\/demolition-perreault.fr\\\/wp-content\\\/uploads\\\/2019\\\/09\\\/161.jpg\",\"datePublished\":\"2019-09-18T12:54:51+00:00\",\"dateModified\":\"2024-02-02T15:02:05+00:00\",\"description\":\"D\u00e9molition\",\"breadcrumb\":{\"@id\":\"https:\\\/\\\/demolition-perreault.fr\\\/?page_id=828#breadcrumb\"},\"inLanguage\":\"fr-FR\",\"potentialAction\":[{\"@type\":\"ReadAction\",\"target\":[\"https:\\\/\\\/demolition-perreault.fr\\\/?page_id=828\"]}]},{\"@type\":\"ImageObject\",\"inLanguage\":\"fr-FR\",\"@id\":\"https:\\\/\\\/demolition-perreault.fr\\\/?page_id=828#primaryimage\",\"url\":\"https:\\\/\\\/demolition-perreault.fr\\\/wp-content\\\/uploads\\\/2019\\\/09\\\/161.jpg\",\"contentUrl\":\"https:\\\/\\\/demolition-perreault.fr\\\/wp-content\\\/uploads\\\/2019\\\/09\\\/161.jpg\",\"width\":462,\"height\":262},{\"@type\":\"BreadcrumbList\",\"@id\":\"https:\\\/\\\/demolition-perreault.fr\\\/?page_id=828#breadcrumb\",\"itemListElement\":[{\"@type\":\"ListItem\",\"position\":1,\"name\":\"Accueil\",\"item\":\"https:\\\/\\\/demolition-perreault.fr\\\/\"},{\"@type\":\"ListItem\",\"position\":2,\"name\":\"D\u00e9molition William Perreault\"}]},{\"@type\":\"WebSite\",\"@id\":\"https:\\\/\\\/demolition-perreault.fr\\\/#website\",\"url\":\"https:\\\/\\\/demolition-perreault.fr\\\/\",\"name\":\"demolition-perreault.fr\",\"description\":\"La seconde vie des mat\u00e9riaux\",\"publisher\":{\"@id\":\"https:\\\/\\\/demolition-perreault.fr\\\/#organization\"},\"potentialAction\":[{\"@type\":\"SearchAction\",\"target\":{\"@type\":\"EntryPoint\",\"urlTemplate\":\"https:\\\/\\\/demolition-perreault.fr\\\/?s={search_term_string}\"},\"query-input\":{\"@type\":\"PropertyValueSpecification\",\"valueRequired\":true,\"valueName\":\"search_term_string\"}}],\"inLanguage\":\"fr-FR\"},{\"@type\":\"Organization\",\"@id\":\"https:\\\/\\\/demolition-perreault.fr\\\/#organization\",\"name\":\"D\u00c9MOLITION WILLIAM PERREAULT\",\"url\":\"https:\\\/\\\/demolition-perreault.fr\\\/\",\"logo\":{\"@type\":\"ImageObject\",\"inLanguage\":\"fr-FR\",\"@id\":\"https:\\\/\\\/demolition-perreault.fr\\\/#\\\/schema\\\/logo\\\/image\\\/\",\"url\":\"https:\\\/\\\/affectionate-banach.151-80-3-6.plesk.page\\\/wp-content\\\/uploads\\\/2019\\\/07\\\/logo.png\",\"contentUrl\":\"https:\\\/\\\/affectionate-banach.151-80-3-6.plesk.page\\\/wp-content\\\/uploads\\\/2019\\\/07\\\/logo.png\",\"width\":164,\"height\":53,\"caption\":\"D\u00c9MOLITION WILLIAM PERREAULT\"},\"image\":{\"@id\":\"https:\\\/\\\/demolition-perreault.fr\\\/#\\\/schema\\\/logo\\\/image\\\/\"},\"sameAs\":[\"https:\\\/\\\/www.facebook.com\\\/MatAnciensDWP\\\/\",\"https:\\\/\\\/www.instagram.com\\\/matanciensdwp\\\/\",\"https:\\\/\\\/www.youtube.com\\\/channel\\\/UCWjKWvI2ZySQB_lBvbX6dcA\"]}]}<\/script>\n<!-- \/ Yoast SEO plugin. -->","yoast_head_json":{"title":"D\u00e9molition William Perreault - demolition-perreault.fr","description":"D\u00e9molition","robots":{"index":"index","follow":"follow","max-snippet":"max-snippet:-1","max-image-preview":"max-image-preview:large","max-video-preview":"max-video-preview:-1"},"canonical":"https:\/\/demolition-perreault.fr\/?page_id=828","og_locale":"fr_FR","og_type":"article","og_title":"D\u00e9molition William Perreault - demolition-perreault.fr","og_description":"D\u00e9molition","og_url":"https:\/\/demolition-perreault.fr\/?page_id=828","og_site_name":"demolition-perreault.fr","article_publisher":"https:\/\/www.facebook.com\/MatAnciensDWP\/","article_modified_time":"2024-02-02T15:02:05+00:00","og_image":[{"url":"https:\/\/demolition-perreault.fr\/wp-content\/uploads\/2019\/09\/161.jpg","type":"","width":"","height":""}],"twitter_card":"summary_large_image","twitter_misc":{"Dur\u00e9e de lecture estim\u00e9e":"2 minutes"},"schema":{"@context":"https:\/\/schema.org","@graph":[{"@type":"WebPage","@id":"https:\/\/demolition-perreault.fr\/?page_id=828","url":"https:\/\/demolition-perreault.fr\/?page_id=828","name":"D\u00e9molition William Perreault - demolition-perreault.fr","isPartOf":{"@id":"https:\/\/demolition-perreault.fr\/#website"},"primaryImageOfPage":{"@id":"https:\/\/demolition-perreault.fr\/?page_id=828#primaryimage"},"image":{"@id":"https:\/\/demolition-perreault.fr\/?page_id=828#primaryimage"},"thumbnailUrl":"https:\/\/demolition-perreault.fr\/wp-content\/uploads\/2019\/09\/161.jpg","datePublished":"2019-09-18T12:54:51+00:00","dateModified":"2024-02-02T15:02:05+00:00","description":"D\u00e9molition","breadcrumb":{"@id":"https:\/\/demolition-perreault.fr\/?page_id=828#breadcrumb"},"inLanguage":"fr-FR","potentialAction":[{"@type":"ReadAction","target":["https:\/\/demolition-perreault.fr\/?page_id=828"]}]},{"@type":"ImageObject","inLanguage":"fr-FR","@id":"https:\/\/demolition-perreault.fr\/?page_id=828#primaryimage","url":"https:\/\/demolition-perreault.fr\/wp-content\/uploads\/2019\/09\/161.jpg","contentUrl":"https:\/\/demolition-perreault.fr\/wp-content\/uploads\/2019\/09\/161.jpg","width":462,"height":262},{"@type":"BreadcrumbList","@id":"https:\/\/demolition-perreault.fr\/?page_id=828#breadcrumb","itemListElement":[{"@type":"ListItem","position":1,"name":"Accueil","item":"https:\/\/demolition-perreault.fr\/"},{"@type":"ListItem","position":2,"name":"D\u00e9molition William Perreault"}]},{"@type":"WebSite","@id":"https:\/\/demolition-perreault.fr\/#website","url":"https:\/\/demolition-perreault.fr\/","name":"demolition-perreault.fr","description":"La seconde vie des mat\u00e9riaux","publisher":{"@id":"https:\/\/demolition-perreault.fr\/#organization"},"potentialAction":[{"@type":"SearchAction","target":{"@type":"EntryPoint","urlTemplate":"https:\/\/demolition-perreault.fr\/?s={search_term_string}"},"query-input":{"@type":"PropertyValueSpecification","valueRequired":true,"valueName":"search_term_string"}}],"inLanguage":"fr-FR"},{"@type":"Organization","@id":"https:\/\/demolition-perreault.fr\/#organization","name":"D\u00c9MOLITION WILLIAM PERREAULT","url":"https:\/\/demolition-perreault.fr\/","logo":{"@type":"ImageObject","inLanguage":"fr-FR","@id":"https:\/\/demolition-perreault.fr\/#\/schema\/logo\/image\/","url":"https:\/\/affectionate-banach.151-80-3-6.plesk.page\/wp-content\/uploads\/2019\/07\/logo.png","contentUrl":"https:\/\/affectionate-banach.151-80-3-6.plesk.page\/wp-content\/uploads\/2019\/07\/logo.png","width":164,"height":53,"caption":"D\u00c9MOLITION WILLIAM PERREAULT"},"image":{"@id":"https:\/\/demolition-perreault.fr\/#\/schema\/logo\/image\/"},"sameAs":["https:\/\/www.facebook.com\/MatAnciensDWP\/","https:\/\/www.instagram.com\/matanciensdwp\/","https:\/\/www.youtube.com\/channel\/UCWjKWvI2ZySQB_lBvbX6dcA"]}]}},"_links":{"self":[{"href":"https:\/\/demolition-perreault.fr\/index.php?rest_route=\/wp\/v2\/pages\/828","targetHints":{"allow":["GET"]}}],"collection":[{"href":"https:\/\/demolition-perreault.fr\/index.php?rest_route=\/wp\/v2\/pages"}],"about":[{"href":"https:\/\/demolition-perreault.fr\/index.php?rest_route=\/wp\/v2\/types\/page"}],"author":[{"embeddable":true,"href":"https:\/\/demolition-perreault.fr\/index.php?rest_route=\/wp\/v2\/users\/2"}],"replies":[{"embeddable":true,"href":"https:\/\/demolition-perreault.fr\/index.php?rest_route=%2Fwp%2Fv2%2Fcomments&post=828"}],"version-history":[{"count":14,"href":"https:\/\/demolition-perreault.fr\/index.php?rest_route=\/wp\/v2\/pages\/828\/revisions"}],"predecessor-version":[{"id":1020,"href":"https:\/\/demolition-perreault.fr\/index.php?rest_route=\/wp\/v2\/pages\/828\/revisions\/1020"}],"wp:attachment":[{"href":"https:\/\/demolition-perreault.fr\/index.php?rest_route=%2Fwp%2Fv2%2Fmedia&parent=828"}],"curies":[{"name":"wp","href":"https:\/\/api.w.org\/{rel}","templated":true}]}}